{"id":4275,"date":"2024-11-27T12:36:48","date_gmt":"2024-11-27T11:36:48","guid":{"rendered":"https:\/\/if-maroc.org\/agadir\/?page_id=4275"},"modified":"2024-11-27T12:38:20","modified_gmt":"2024-11-27T11:38:20","slug":"apprenez-avec-lingua-attack","status":"publish","type":"page","link":"https:\/\/if-maroc.org\/agadir\/apprenez-avec-lingua-attack\/","title":{"rendered":"Apprenez avec \u00ab\u00a0Lingua Attack\u00a0\u00bb"},"content":{"rendered":"\n<p><strong>L\u2019IF Maroc et notre partenaire Lingua Attack vous proposent une solution innovante et efficace pour apprendre le fran\u00e7ais en ligne et en autonomie. Les activit\u00e9s sont bas\u00e9es sur des jeux et des extraits de vos films et s\u00e9ries pr\u00e9f\u00e9r\u00e9s, des chansons, des journaux t\u00e9l\u00e9vis\u00e9s ou des documentaires.<\/strong><\/p>\n\n\n\n<iframe loading=\"lazy\" src=\"https:\/\/french.lingua-attack.com\/fr\/subscriptions\/landing-page?activation_code=gushbtnudy\" id=\"linguaAttack\" height=\"800\"\n    width=\"100%\" title=\"Lingua Attack\" style=\"min-height:2900px; border: none;\"><\/iframe>\n","protected":false},"excerpt":{"rendered":"<p>L\u2019IF Maroc et notre partenaire Lingua Attack vous proposent une solution innovante et efficace pour apprendre le fran\u00e7ais en ligne et en autonomie. Les activit\u00e9s sont bas\u00e9es sur des jeux et des extraits de vos films et s\u00e9ries pr\u00e9f\u00e9r\u00e9s, des chansons, des journaux t\u00e9l\u00e9vis\u00e9s ou des documentaires.<\/p>\n","protected":false},"author":80,"featured_media":0,"parent":0,"menu_order":0,"comment_status":"closed","ping_status":"closed","template":"","meta":{"_acf_changed":false,"footnotes":""},"class_list":["post-4275","page","type-page","status-publish","hentry"],"acf":[],"_links":{"self":[{"href":"https:\/\/if-maroc.org\/agadir\/wp-json\/wp\/v2\/pages\/4275","targetHints":{"allow":["GET"]}}],"collection":[{"href":"https:\/\/if-maroc.org\/agadir\/wp-json\/wp\/v2\/pages"}],"about":[{"href":"https:\/\/if-maroc.org\/agadir\/wp-json\/wp\/v2\/types\/page"}],"author":[{"embeddable":true,"href":"https:\/\/if-maroc.org\/agadir\/wp-json\/wp\/v2\/users\/80"}],"replies":[{"embeddable":true,"href":"https:\/\/if-maroc.org\/agadir\/wp-json\/wp\/v2\/comments?post=4275"}],"version-history":[{"count":2,"href":"https:\/\/if-maroc.org\/agadir\/wp-json\/wp\/v2\/pages\/4275\/revisions"}],"predecessor-version":[{"id":4277,"href":"https:\/\/if-maroc.org\/agadir\/wp-json\/wp\/v2\/pages\/4275\/revisions\/4277"}],"wp:attachment":[{"href":"https:\/\/if-maroc.org\/agadir\/wp-json\/wp\/v2\/media?parent=4275"}],"curies":[{"name":"wp","href":"https:\/\/api.w.org\/{rel}","templated":true}]}}