{"id":5364,"date":"2020-10-07T19:37:19","date_gmt":"2020-10-07T17:37:19","guid":{"rendered":"https:\/\/if-maroc.org\/allier-plaisir-et-savoir-grace-aux-ateliers-theatre-en-francais-au-maroc\/"},"modified":"2020-10-07T19:37:19","modified_gmt":"2020-10-07T17:37:19","slug":"allier-plaisir-et-savoir-grace-aux-ateliers-theatre-en-francais-au-maroc","status":"publish","type":"page","link":"https:\/\/if-maroc.org\/ar\/allier-plaisir-et-savoir-grace-aux-ateliers-theatre-en-francais-au-maroc\/","title":{"rendered":"Allier plaisir et savoir gr\u00e2ce aux ateliers th\u00e9atre en fran\u00e7ais au Maroc"},"content":{"rendered":"","protected":false},"excerpt":{"rendered":"","protected":false},"author":1,"featured_media":5365,"parent":0,"menu_order":0,"comment_status":"closed","ping_status":"closed","template":"","meta":{"_acf_changed":false,"footnotes":""},"class_list":["post-5364","page","type-page","status-publish","has-post-thumbnail","hentry"],"acf":[],"_links":{"self":[{"href":"https:\/\/if-maroc.org\/ar\/wp-json\/wp\/v2\/pages\/5364","targetHints":{"allow":["GET"]}}],"collection":[{"href":"https:\/\/if-maroc.org\/ar\/wp-json\/wp\/v2\/pages"}],"about":[{"href":"https:\/\/if-maroc.org\/ar\/wp-json\/wp\/v2\/types\/page"}],"author":[{"embeddable":true,"href":"https:\/\/if-maroc.org\/ar\/wp-json\/wp\/v2\/users\/1"}],"replies":[{"embeddable":true,"href":"https:\/\/if-maroc.org\/ar\/wp-json\/wp\/v2\/comments?post=5364"}],"version-history":[{"count":0,"href":"https:\/\/if-maroc.org\/ar\/wp-json\/wp\/v2\/pages\/5364\/revisions"}],"wp:featuredmedia":[{"embeddable":true,"href":"https:\/\/if-maroc.org\/ar\/wp-json\/wp\/v2\/media\/5365"}],"wp:attachment":[{"href":"https:\/\/if-maroc.org\/ar\/wp-json\/wp\/v2\/media?parent=5364"}],"curies":[{"name":"wp","href":"https:\/\/api.w.org\/{rel}","templated":true}]}}