{"id":354,"date":"2020-08-26T16:46:59","date_gmt":"2020-08-26T14:46:59","guid":{"rendered":"https:\/\/if-maroc.org\/essaouira\/?page_id=354"},"modified":"2024-04-15T12:12:12","modified_gmt":"2024-04-15T10:12:12","slug":"mediatheques","status":"publish","type":"page","link":"https:\/\/if-maroc.org\/essaouira\/mediatheques\/","title":{"rendered":"M\u00e9diath\u00e8que d&rsquo;Essaouira"},"content":{"rendered":"\n<p>La m\u00e9diath\u00e8que de l&rsquo;Institut fran\u00e7ais d&rsquo;Essaouira accueille ses usagers dans des locaux chaleureux, au premier \u00e9tage de l\u2019Institut. Ouverte \u00e0 tous, elle a pour vocation de mettre \u00e0 port\u00e9e de main de chacun une offre culturelle vari\u00e9e et actualis\u00e9e. Les collections sont organis\u00e9es en 3 espaces&nbsp;: adultes, ados et enfants.<\/p>\n\n\n\n<p>7 500 documents sont pr\u00e9sent\u00e9s, pour tous les \u00e2ges et tous les go\u00fbts&nbsp;: romans, bandes dessin\u00e9es, art, histoire, soci\u00e9t\u00e9, \u00e9conomie, sciences\u2026 Des livres pour une lecture-plaisir, pour acqu\u00e9rir des savoirs et se perfectionner&nbsp;; des mensuels et hebdomadaires en lien avec l\u2019actualit\u00e9 culturelle (Dyptik, Zamane, Le 1&#8230;), un acc\u00e8s \u00e0 une m\u00e9diath\u00e8que en ligne, Cultureth\u00e8que, ainsi qu\u2019un rayon d\u00e9di\u00e9 \u00e0 Essaouira.<\/p>\n\n\n\n<p>La m\u00e9diath\u00e8que propose \u00e9galement \u00e0 toutes et \u00e0 tous de participer tout au long de l\u2019ann\u00e9e \u00e0 de nombreuses activit\u00e9s : ateliers num\u00e9riques, d\u00e9bats, visites guid\u00e9es, lectures, etc.<\/p>\n\n\n\n<p>Un accueil personnalis\u00e9, des collections actualis\u00e9es dans un espace agr\u00e9able&nbsp;et lumineux&nbsp;!<\/p>\n","protected":false},"excerpt":{"rendered":"<p>La m\u00e9diath\u00e8que de l&rsquo;Institut fran\u00e7ais d&rsquo;Essaouira accueille ses usagers dans des locaux chaleureux, au premier \u00e9tage de l\u2019Institut. Ouverte \u00e0 tous, elle a pour vocation de mettre \u00e0 port\u00e9e de main de chacun une offre culturelle vari\u00e9e et actualis\u00e9e. Les collections sont organis\u00e9es en 3 espaces&nbsp;: adultes, ados et enfants. 7 500 documents sont pr\u00e9sent\u00e9s, [&hellip;]<\/p>\n","protected":false},"author":1,"featured_media":982,"parent":0,"menu_order":0,"comment_status":"closed","ping_status":"closed","template":"page-templates\/page-medialibrary.php","meta":{"_acf_changed":false,"footnotes":""},"class_list":["post-354","page","type-page","status-publish","has-post-thumbnail","hentry"],"acf":[],"_links":{"self":[{"href":"https:\/\/if-maroc.org\/essaouira\/wp-json\/wp\/v2\/pages\/354","targetHints":{"allow":["GET"]}}],"collection":[{"href":"https:\/\/if-maroc.org\/essaouira\/wp-json\/wp\/v2\/pages"}],"about":[{"href":"https:\/\/if-maroc.org\/essaouira\/wp-json\/wp\/v2\/types\/page"}],"author":[{"embeddable":true,"href":"https:\/\/if-maroc.org\/essaouira\/wp-json\/wp\/v2\/users\/1"}],"replies":[{"embeddable":true,"href":"https:\/\/if-maroc.org\/essaouira\/wp-json\/wp\/v2\/comments?post=354"}],"version-history":[{"count":92,"href":"https:\/\/if-maroc.org\/essaouira\/wp-json\/wp\/v2\/pages\/354\/revisions"}],"predecessor-version":[{"id":3711,"href":"https:\/\/if-maroc.org\/essaouira\/wp-json\/wp\/v2\/pages\/354\/revisions\/3711"}],"wp:featuredmedia":[{"embeddable":true,"href":"https:\/\/if-maroc.org\/essaouira\/wp-json\/wp\/v2\/media\/982"}],"wp:attachment":[{"href":"https:\/\/if-maroc.org\/essaouira\/wp-json\/wp\/v2\/media?parent=354"}],"curies":[{"name":"wp","href":"https:\/\/api.w.org\/{rel}","templated":true}]}}