{"id":1172,"date":"2021-05-18T14:08:37","date_gmt":"2021-05-18T12:08:37","guid":{"rendered":"https:\/\/if-maroc.org\/fes\/preparation-aux-certifications\/"},"modified":"2021-05-18T18:49:02","modified_gmt":"2021-05-18T16:49:02","slug":"preparation-aux-certifications","status":"publish","type":"page","link":"https:\/\/if-maroc.org\/fes\/preparation-aux-certifications\/","title":{"rendered":"Pr\u00e9paration aux certifications"},"content":{"rendered":"\n<p>S\u2019entrainer et maitriser la m\u00e9thodologie des examens gr\u00e2ce \u00e0 nos programmes en ligne ou en pr\u00e9sentiel.<\/p>\n\n\n\n<h3 class=\"wp-block-heading\"><strong>Pr\u00e9paration aux examens dans votre Institut<\/strong><\/h3>\n\n\n\n<p>Toutes les antennes de l\u2019Institut fran\u00e7ais du Maroc proposent des pr\u00e9parations aux certifications (TCF, TEF, DELF et DALF) tout au long de l\u2019ann\u00e9e.<\/p>\n\n\n\n<p><strong>Dur\u00e9e des formations<\/strong>\u00a0: de 10h \u00e0 20h en fonction de votre besoin et de votre emploi du temps.<\/p>\n\n\n\n<p>Rapprochez-vous de l\u2019Institut fran\u00e7ais de votre ville pour conna\u00eetre les tarifs et le calendrier.<\/p>\n\n\n\n<p><strong>Les +<\/strong><\/p>\n\n\n\n<ul class=\"wp-block-list\"><li>des enseignants experts des certifications<\/li><li>un entrainement intensif aux \u00e9preuves<\/li><li>un nombre limit\u00e9 de participants<\/li><li>des \u00e9preuves blanches corrig\u00e9es<\/li><\/ul>\n\n\n\n<h3 class=\"wp-block-heading\"><strong>Pr\u00e9paration au TCF en ligne (tous niveaux)<\/strong><\/h3>\n\n\n\n<p>Tarif<strong>&nbsp;:<\/strong>&nbsp;<strong>700 dhs<\/strong><\/p>\n\n\n\n<p><strong><a rel=\"noreferrer noopener\" class=\"rank-math-link\" href=\"https:\/\/ifmaroc.extranet-aec.com\/extranet\/#\/\" target=\"_blank\">S\u2019inscrire en ligne<\/a><\/strong><\/p>\n\n\n\n<p><strong>16 heures de cours.<\/strong><\/p>\n\n\n\n<ul class=\"wp-block-list\"><li>6 heures de cours en classe virtuelle avec un enseignant de l\u2019Institut fran\u00e7ais du Maroc.<\/li><li>10h d\u2019activit\u00e9s tutor\u00e9es.<\/li><\/ul>\n\n\n\n<p><strong>Les +<\/strong><\/p>\n\n\n\n<ul class=\"wp-block-list\"><li>Un enseignant exp\u00e9riment\u00e9,<\/li><li>Une organisation qui alterne les temps de travail en groupe et en autonomie<\/li><li>Une plateforme d\u00e9di\u00e9e<\/li><li>Une \u00e9preuve blanche corrig\u00e9e<\/li><\/ul>\n\n\n<div>\n            <ifm-video ratio=\"pb-6-5\/12\" class=\"w-full\" thumbnail=\"http:\/\/img.youtube.com\/vi\/CH8_Nj30QoM\/maxresdefault.jpg\">\n            <iframe class=\"w-full h-full\" src=\"https:\/\/www.youtube.com\/embed\/CH8_Nj30QoM?modestbranding=1&autoplay=1\" frameborder=\"0\" allow=\"accelerometer; autoplay; clipboard-write; encrypted-media; gyroscope; picture-in-picture\" allowfullscreen><\/iframe>        <\/ifm-video>\n    <\/div>","protected":false},"excerpt":{"rendered":"<p>S\u2019entrainer et maitriser la m\u00e9thodologie des examens gr\u00e2ce \u00e0 nos programmes en ligne ou en pr\u00e9sentiel. Pr\u00e9paration aux examens dans votre Institut Toutes les antennes de l\u2019Institut fran\u00e7ais du Maroc proposent des pr\u00e9parations aux certifications (TCF, TEF, DELF et DALF) tout au long de l\u2019ann\u00e9e. Dur\u00e9e des formations\u00a0: de 10h \u00e0 20h en fonction de [&hellip;]<\/p>\n","protected":false},"author":1,"featured_media":0,"parent":0,"menu_order":0,"comment_status":"closed","ping_status":"closed","template":"page-templates\/page-certification-prepare.php","meta":{"_acf_changed":false,"footnotes":""},"class_list":["post-1172","page","type-page","status-publish","hentry"],"acf":[],"_links":{"self":[{"href":"https:\/\/if-maroc.org\/fes\/wp-json\/wp\/v2\/pages\/1172","targetHints":{"allow":["GET"]}}],"collection":[{"href":"https:\/\/if-maroc.org\/fes\/wp-json\/wp\/v2\/pages"}],"about":[{"href":"https:\/\/if-maroc.org\/fes\/wp-json\/wp\/v2\/types\/page"}],"author":[{"embeddable":true,"href":"https:\/\/if-maroc.org\/fes\/wp-json\/wp\/v2\/users\/1"}],"replies":[{"embeddable":true,"href":"https:\/\/if-maroc.org\/fes\/wp-json\/wp\/v2\/comments?post=1172"}],"version-history":[{"count":2,"href":"https:\/\/if-maroc.org\/fes\/wp-json\/wp\/v2\/pages\/1172\/revisions"}],"predecessor-version":[{"id":1174,"href":"https:\/\/if-maroc.org\/fes\/wp-json\/wp\/v2\/pages\/1172\/revisions\/1174"}],"wp:attachment":[{"href":"https:\/\/if-maroc.org\/fes\/wp-json\/wp\/v2\/media?parent=1172"}],"curies":[{"name":"wp","href":"https:\/\/api.w.org\/{rel}","templated":true}]}}