{"id":354,"date":"2020-08-26T16:46:59","date_gmt":"2020-08-26T14:46:59","guid":{"rendered":"https:\/\/if-maroc.org\/fes\/?page_id=354"},"modified":"2022-09-13T10:49:18","modified_gmt":"2022-09-13T08:49:18","slug":"mediatheques","status":"publish","type":"page","link":"https:\/\/if-maroc.org\/fes\/mediatheques\/","title":{"rendered":"M\u00e9diath\u00e8que de F\u00e8s"},"content":{"rendered":"\n<p>La m\u00e9diath\u00e8que propose un large choix de documents sur diff\u00e9rents supports sur la France et le monde francophone dans tous les domaines, sur tous les supports, pour tous les publics, soit au total plus de 30 000 titres dont la majorit\u00e9 peut \u00eatre emprunt\u00e9e. Elle met \u00e0 disposition ses collections, accueille et informe ses adh\u00e9rents dans un espace de 500 m\u00b2 r\u00e9partis en diff\u00e9rents secteurs.<\/p>\n\n\n\n<p>\u2022 Des livres dans diff\u00e9rents domaines (litt\u00e9rature, histoire, soci\u00e9t\u00e9, \u00e9conomie, sciences,)<br>\u2022 Des revues et des journaux pour s\u2019informer de l\u2019actualit\u00e9, se cultiver et se distraire.<br>\u2022 Des films qui retracent les diff\u00e9rentes p\u00e9riodes du cin\u00e9ma fran\u00e7ais, classiques et contemporains.<br>\u2022 Des m\u00e9thodes modernes multim\u00e9dia pour apprendre et enseigner la langue fran\u00e7aise.<br>\u2022 Une collection de romans, de documentaires et de bandes dessin\u00e9es pour le jeune public.<br>\u2022 Une s\u00e9lection de titres sur le Maroc.<\/p>\n","protected":false},"excerpt":{"rendered":"<p>La m\u00e9diath\u00e8que propose un large choix de documents sur diff\u00e9rents supports sur la France et le monde francophone dans tous les domaines, sur tous les supports, pour tous les publics, soit au total plus de 30 000 titres dont la majorit\u00e9 peut \u00eatre emprunt\u00e9e. Elle met \u00e0 disposition ses collections, accueille et informe ses adh\u00e9rents [&hellip;]<\/p>\n","protected":false},"author":1,"featured_media":866,"parent":0,"menu_order":0,"comment_status":"closed","ping_status":"closed","template":"page-templates\/page-medialibrary.php","meta":{"_acf_changed":false,"footnotes":""},"class_list":["post-354","page","type-page","status-publish","has-post-thumbnail","hentry"],"acf":[],"_links":{"self":[{"href":"https:\/\/if-maroc.org\/fes\/wp-json\/wp\/v2\/pages\/354","targetHints":{"allow":["GET"]}}],"collection":[{"href":"https:\/\/if-maroc.org\/fes\/wp-json\/wp\/v2\/pages"}],"about":[{"href":"https:\/\/if-maroc.org\/fes\/wp-json\/wp\/v2\/types\/page"}],"author":[{"embeddable":true,"href":"https:\/\/if-maroc.org\/fes\/wp-json\/wp\/v2\/users\/1"}],"replies":[{"embeddable":true,"href":"https:\/\/if-maroc.org\/fes\/wp-json\/wp\/v2\/comments?post=354"}],"version-history":[{"count":24,"href":"https:\/\/if-maroc.org\/fes\/wp-json\/wp\/v2\/pages\/354\/revisions"}],"predecessor-version":[{"id":2189,"href":"https:\/\/if-maroc.org\/fes\/wp-json\/wp\/v2\/pages\/354\/revisions\/2189"}],"wp:featuredmedia":[{"embeddable":true,"href":"https:\/\/if-maroc.org\/fes\/wp-json\/wp\/v2\/media\/866"}],"wp:attachment":[{"href":"https:\/\/if-maroc.org\/fes\/wp-json\/wp\/v2\/media?parent=354"}],"curies":[{"name":"wp","href":"https:\/\/api.w.org\/{rel}","templated":true}]}}