{"id":354,"date":"2020-08-26T16:46:59","date_gmt":"2020-08-26T14:46:59","guid":{"rendered":"https:\/\/if-maroc.org\/marrakech\/?page_id=354"},"modified":"2025-12-01T09:54:13","modified_gmt":"2025-12-01T08:54:13","slug":"mediatheques","status":"publish","type":"page","link":"https:\/\/if-maroc.org\/marrakech\/mediatheques\/","title":{"rendered":"M\u00e9diath\u00e8que de Marrakech"},"content":{"rendered":"\n<p>La m\u00e9diath\u00e8que de l\u2019Institut fran\u00e7ais de Marrakech est un des espaces-livre incontournable de la ville. Elle offre un environnement agr\u00e9able, adapt\u00e9 aux besoins de chacun&nbsp;: des espaces de travail, des espaces de lecture, un coin d\u00e9di\u00e9 \u00e0 la petite enfance, des espaces de d\u00e9tentes et un espace dot\u00e9 de 5 ordinateurs.<\/p>\n\n\n\n<p>Elle vous propose un fonds documentaire riche et vari\u00e9 r\u00e9parti sur deux sections&nbsp;:<\/p>\n\n\n\n<p>La m\u00e9diath\u00e8que jeunesse&nbsp;avec un espace albums, un fonds documentaire, des romans, des bandes dessin\u00e9es, un coin conte, un espace de revues et la biblioth\u00e8que de l\u2019apprenant.<\/p>\n\n\n\n<p>La m\u00e9diath\u00e8que adulte propose \u00e9galement une large offre en romans fran\u00e7ais, francophones, des recueils de&nbsp;po\u00e9sie et de th\u00e9\u00e2tre. Une s\u00e9lection de documentaires qui couvre un tr\u00e8s vaste \u00e9ventail de la connaissance humaine, en plus des fonds th\u00e9matiques qui visent des publics sp\u00e9cifiques.<\/p>\n\n\n\n<p>Un espace d\u00e9di\u00e9 aux jeux vid\u00e9o \u00e9ducatifs. Equip\u00e9 de tablettes, de consoles PS4 et Nintendo.<\/p>\n\n\n\n<p><strong><span class=\"has-inline-color has-red-color\">La m\u00e9diath\u00e8que en chiffres&nbsp;:<\/span><\/strong><\/p>\n\n\n\n<p><strong>500 m\u00b2<\/strong><\/p>\n\n\n\n<p><strong>30 000<\/strong> documents imprim\u00e9s<\/p>\n\n\n\n<p><strong>72<\/strong> titres de p\u00e9riodiques<\/p>\n\n\n\n<p><strong>2200 <\/strong>documents multim\u00e9dia&nbsp;<\/p>\n\n\n\n<p><strong>40 000 <\/strong>op\u00e9rations de pr\u00eats<\/p>\n\n\n\n<p><strong>1500<\/strong> titres en acquisitions par an<\/p>\n\n\n\n<p><strong>130 <\/strong>places assises<\/p>\n\n\n\n<p>Une \u00e9quipe de <strong>5<\/strong> personnes pour vous accueillir<\/p>\n\n\n\n<p><strong><span class=\"has-inline-color has-red-color\">Ateliers et rencontres<\/span><\/strong><\/p>\n\n\n\n<p><strong>Mois th\u00e9matiques<\/strong> : Une invitation chaque mois \u00e0 d\u00e9couvrir et explorer une nouvelle th\u00e9matique sous forme d\u2019ateliers.<\/p>\n\n\n\n<p><strong>Visites de la m\u00e9diath\u00e8que&nbsp;: <\/strong>La m\u00e9diath\u00e8que propose aux \u00e9coles de la ville de Marrakech et ses r\u00e9gions des visites d\u00e9couvertes de ses espaces et services.<\/p>\n\n\n\n<p><strong>Concours de la lecture, <\/strong>la m\u00e9diath\u00e8que organise un concours de la lecture aux profils des enfants de la ville de Marrakech et ses r\u00e9gions.<\/p>\n\n\n\n<p><strong>La cigogne volubile, <\/strong>le r\u00e9seau des m\u00e9diath\u00e8ques de l\u2019Institut Fran\u00e7ais du Maroc organise chaque ann\u00e9e le festival du livre jeunesse avec la proposition de plusieurs rencontres et ateliers.<\/p>\n\n\n\n<p><strong>Rencontres et d\u00e9bats d\u2019id\u00e9es<\/strong>, en lien avec la production \u00e9ditoriale fran\u00e7aise, marocaine et francophone. La m\u00e9diath\u00e8que invite des auteurs pour vous rencontrer. Des rendez-vous de d\u00e9bat d\u2019id\u00e9es autour de questions li\u00e9es \u00e0 l\u2019actualit\u00e9 vous sont \u00e9galement propos\u00e9s.<\/p>\n\n\n\n<p>La m\u00e9diath\u00e8que de l\u2019institut fran\u00e7ais de Marrakech fait partie du <strong>r\u00e9seau D\u00e9j\u00e0 Lu.<\/strong><\/p>\n\n\n\n<p>Un abonnement \u00e0 la m\u00e9diath\u00e8que vous permet de profiter de ses espaces et de ses services, de lire sur place ou d\u2019emprunter des documents et de b\u00e9n\u00e9ficier des ateliers et des animations organis\u00e9es au cours de l\u2019ann\u00e9e.&nbsp;&nbsp;<\/p>\n\n\n\n<p><strong><span class=\"has-inline-color has-red-color\">&nbsp;Informations pratiques<\/span><\/strong><\/p>\n\n\n\n<p>Adresse&nbsp;: ROUTE DE LA TARGA, JBELGU\u00c9LIZ<br>BP 566 \u2013 40 001 MARRAKECH<\/p>\n\n\n\n<p>TEL : +212 (0)5 24 44 69 30<\/p>\n\n\n\n<p>E-mail\u00a0: <a href=\"mailto:mediatheque.marrakech@institutfran\u00e7ais-maroc.com\">mediatheque.marrakech@ifmaroc.com<\/a><\/p>\n","protected":false},"excerpt":{"rendered":"<p>La m\u00e9diath\u00e8que de l\u2019Institut fran\u00e7ais de Marrakech est un des espaces-livre incontournable de la ville. Elle offre un environnement agr\u00e9able, adapt\u00e9 aux besoins de chacun&nbsp;: des espaces de travail, des espaces de lecture, un coin d\u00e9di\u00e9 \u00e0 la petite enfance, des espaces de d\u00e9tentes et un espace dot\u00e9 de 5 ordinateurs. Elle vous propose un [&hellip;]<\/p>\n","protected":false},"author":1,"featured_media":724,"parent":0,"menu_order":0,"comment_status":"closed","ping_status":"closed","template":"page-templates\/page-medialibrary.php","meta":{"_acf_changed":false,"footnotes":""},"class_list":["post-354","page","type-page","status-publish","has-post-thumbnail","hentry"],"acf":[],"_links":{"self":[{"href":"https:\/\/if-maroc.org\/marrakech\/wp-json\/wp\/v2\/pages\/354","targetHints":{"allow":["GET"]}}],"collection":[{"href":"https:\/\/if-maroc.org\/marrakech\/wp-json\/wp\/v2\/pages"}],"about":[{"href":"https:\/\/if-maroc.org\/marrakech\/wp-json\/wp\/v2\/types\/page"}],"author":[{"embeddable":true,"href":"https:\/\/if-maroc.org\/marrakech\/wp-json\/wp\/v2\/users\/1"}],"replies":[{"embeddable":true,"href":"https:\/\/if-maroc.org\/marrakech\/wp-json\/wp\/v2\/comments?post=354"}],"version-history":[{"count":80,"href":"https:\/\/if-maroc.org\/marrakech\/wp-json\/wp\/v2\/pages\/354\/revisions"}],"predecessor-version":[{"id":4659,"href":"https:\/\/if-maroc.org\/marrakech\/wp-json\/wp\/v2\/pages\/354\/revisions\/4659"}],"wp:featuredmedia":[{"embeddable":true,"href":"https:\/\/if-maroc.org\/marrakech\/wp-json\/wp\/v2\/media\/724"}],"wp:attachment":[{"href":"https:\/\/if-maroc.org\/marrakech\/wp-json\/wp\/v2\/media?parent=354"}],"curies":[{"name":"wp","href":"https:\/\/api.w.org\/{rel}","templated":true}]}}