{"id":379,"date":"2020-11-03T18:31:33","date_gmt":"2020-11-03T17:31:33","guid":{"rendered":"https:\/\/if-maroc.org\/marrakech\/?page_id=379"},"modified":"2021-03-17T12:27:04","modified_gmt":"2021-03-17T11:27:04","slug":"micro-folies","status":"publish","type":"page","link":"https:\/\/if-maroc.org\/marrakech\/micro-folies\/","title":{"rendered":"Micro-Folie"},"content":{"rendered":"\n<p>L&rsquo;espace culturel et num\u00e9rique Micro-Folie de l&rsquo;Institut fran\u00e7ais de Marrakech propose aux visiteurs d&rsquo;explorer les contenus mus\u00e9ographiques de grandes institutions fran\u00e7aises et internationales \u00e0 travers un dispositif technologique de pointe. Avec un Mus\u00e9e num\u00e9rique, un espace d\u2019atelier \/ Fab-Lab et un espace de R\u00e9alit\u00e9 Virtuelle, l\u2019objectif est de cr\u00e9er un nouveau lieu de rencontres et de vie, accessible et chaleureux.<\/p>\n\n\n<div>\n            <ifm-video ratio=\"pb-6-5\/12\" class=\"w-full\" thumbnail=\"http:\/\/img.youtube.com\/vi\/FnYnfiteQzQ\/maxresdefault.jpg\">\n            <iframe class=\"w-full h-full\" src=\"https:\/\/www.youtube.com\/embed\/FnYnfiteQzQ?modestbranding=1&autoplay=1\" frameborder=\"0\" allow=\"accelerometer; autoplay; clipboard-write; encrypted-media; gyroscope; picture-in-picture\" allowfullscreen><\/iframe>        <\/ifm-video>\n    <\/div>\n\n\n<h2 class=\"wp-block-heading\">Mus\u00e9e num\u00e9rique<\/h2>\n\n\n\n<p>Le Mus\u00e9e num\u00e9rique permet de d\u00e9couvrir les \u0153uvres des plus grandes institutions nationales et de toutes les institutions partenaires, num\u00e9ris\u00e9es en tr\u00e8s haute d\u00e9finition. Disponible en plusieurs langues, ce mus\u00e9e tr\u00e8s simple d\u2019acc\u00e8s peut \u00eatre une premi\u00e8re \u00e9tape avant de visiter en \u00ab&nbsp;vrai&nbsp;\u00bb.<\/p>\n\n\n\n<p>Cr\u00e9\u00e9 gr\u00e2ce \u00e0 la participation de 12 \u00e9tablissements nationaux fondateurs (Louvre, Grand Palais, Centre Pompidou, Mus\u00e9e d\u2019Orsay\u2026), le Mus\u00e9e num\u00e9rique s\u2019enrichit chaque ann\u00e9e de 3 \u00e0 4 nouvelles collections, chacune compos\u00e9e en moyenne de 250 \u00e0 400 chefs-d\u2019\u0153uvre. Autant d\u2019occasions d\u2019inviter les publics \u00e0 revenir !<\/p>\n\n\n\n<p>Deux modes de visites&nbsp;:<br>\u2022 Le mode visiteur libre permet de laisser le Mus\u00e9e num\u00e9rique en libre acc\u00e8s \u00e0 tous. Chacun peut suivre sa propre navigation, entre l\u2019\u00e9cran et sa tablette, en lisant les cartels con\u00e7us par les conservateurs des mus\u00e9es, en d\u00e9couvrant les secrets des tableaux, en jouant\u2026.<br>\u2022 Le mode conf\u00e9rencier permet d\u2019organiser des visites th\u00e9matis\u00e9es et programm\u00e9es pour les scolaires. V\u00e9ritable outil d\u2019\u00e9ducation artistique et culturelle, le Mus\u00e9e num\u00e9rique est un support de m\u00e9diation pour les professeurs et les animateurs.<\/p>\n\n\n\n<p><\/p>\n\n\n\n<p><strong>Mus\u00e9e num\u00e9rique Micro-Folie &#8211; Une nouvelle ann\u00e9e toute en couleur&nbsp;!<\/strong><\/p>\n\n\n\n<p>Ce Mus\u00e9e num\u00e9rique permet de d\u00e9couvrir, \u00e0 Marrakech, les tr\u00e9sors de 12 \u00e9tablissements culturels fran\u00e7ais (Louvre, Grand Palais, Centre Pompidou, Mus\u00e9e d\u2019Orsay\u2026).<\/p>\n\n\n\n<p>Deux modes de visites&nbsp;sont propos\u00e9s. Le mode visiteur libre&nbsp;permet de laisser le Mus\u00e9e num\u00e9rique en libre acc\u00e8s \u00e0 tous. Chacun peut suivre sa propre navigation, entre l\u2019\u00e9cran et sa tablette, en lisant les cartels con\u00e7us par les conservateurs des mus\u00e9es, en d\u00e9couvrant les secrets des tableaux, en jouant\u2026. Le mode conf\u00e9rencier&nbsp;permet d\u2019organiser des visites th\u00e9matis\u00e9es et programm\u00e9es pour les scolaires. V\u00e9ritable outil d\u2019\u00e9ducation artistique et culturelle, le Mus\u00e9e num\u00e9rique devient un support de m\u00e9diation incroyable pour les professeurs et les animateurs. Ce dispositif sera \u00e9galement utilis\u00e9 pour valoriser le magnifique patrimoine marocain.<\/p>\n\n\n\n<p>Pour d\u00e9buter cette nouvelle ann\u00e9e, votre mus\u00e9e num\u00e9rique Micro-folie vous propose d\u2019approcher la place des couleurs dans l\u2019histoire de la cr\u00e9ation artistique.<\/p>\n\n\n\n<p><strong><span class=\"has-inline-color has-blue-color\">Le mode visiteur libre<\/span><\/strong><\/p>\n\n\n\n<p>Mardi et jeudi :13h30- 13h50 \/ 14h30-14h50&nbsp;<\/p>\n\n\n\n<p>Mercredi et vendredi :15h00- 15h20 \/ 16h00-16h20 \/ 17h00- 17h20&nbsp;<\/p>\n\n\n\n<p><strong><span class=\"has-inline-color has-blue-color\">Le mode Conf\u00e9rence anim\u00e9 par un m\u00e9diateur<\/span><\/strong><\/p>\n\n\n\n<p>Tous les samedis de 11h00-12h00 et 15h00-16h00\u00a0<\/p>\n\n\n\n<p>Limit\u00e9 \u00e0 8 personnes \u00e0 partir de 8 ans, gratuit* sur inscription :&nbsp;<\/p>\n\n\n\n<p>*Les ateliers, accessibles gratuitement, sont r\u00e9serv\u00e9s aux adh\u00e9rents de l\u2019Institut fran\u00e7ais de Marrakech&nbsp;<\/p>\n\n\n\n<p>Infos et r\u00e9servation : kenza.kazouz@institutfrancais-maroc.com&nbsp;<\/p>\n\n\n\n<h2 class=\"wp-block-heading\">Fab-Lab (espace atelier)<\/h2>\n\n\n\n<p>Le Fab-Lab est un lieu de rencontre et de cr\u00e9ation. Il met \u00e0 disposition des outils de conception et r\u00e9alisation d\u2019objet : imprimantes 3D, brodeuse num\u00e9rique, machine de d\u00e9coupe laser et tablettes d\u2019infographie. Le Fab-Lab s\u2019adresse aux entrepreneurs, designers, artistes, bricoleurs ou \u00e9tudiants et leur permettra de d\u00e9velopper de nouveaux savoir-faire.<\/p>\n\n\n\n<h2 class=\"wp-block-heading\">R\u00e9alit\u00e9 virtuelle<\/h2>\n\n\n\n<p>Un espace de r\u00e9alit\u00e9 virtuelle est mis \u00e0 disposition et propose une s\u00e9lection de contenus immersifs \u00e0 360\u00b0 dont des documentaires et des spectacles, r\u00e9guli\u00e8rement renouvel\u00e9e.<\/p>\n\n\n<div>\n    <ifm-image alt class=\"my-8\" oriented ratio=\"pb-0\">\n        <img decoding=\"async\" src=\"https:\/\/if-maroc.org\/marrakech\/wp-content\/uploads\/sites\/16\/2020\/12\/5131-inauguration-micro-folie-article-1.jpg\" class=\"h-full w-full object-contain object-center py-0\" alt=\"\">\n        <template v-slot:alt>Espace Micro-Folie<\/template>\n    <\/ifm-image>\n<\/div>","protected":false},"excerpt":{"rendered":"<p>L&rsquo;espace culturel et num\u00e9rique Micro-Folie de l&rsquo;Institut fran\u00e7ais de Marrakech propose aux visiteurs d&rsquo;explorer les contenus mus\u00e9ographiques de grandes institutions fran\u00e7aises et internationales \u00e0 travers un dispositif technologique de pointe. Avec un Mus\u00e9e num\u00e9rique, un espace d\u2019atelier \/ Fab-Lab et un espace de R\u00e9alit\u00e9 Virtuelle, l\u2019objectif est de cr\u00e9er un nouveau lieu de rencontres et [&hellip;]<\/p>\n","protected":false},"author":1,"featured_media":0,"parent":0,"menu_order":0,"comment_status":"closed","ping_status":"closed","template":"","meta":{"_acf_changed":false,"footnotes":""},"class_list":["post-379","page","type-page","status-publish","hentry"],"acf":[],"_links":{"self":[{"href":"https:\/\/if-maroc.org\/marrakech\/wp-json\/wp\/v2\/pages\/379","targetHints":{"allow":["GET"]}}],"collection":[{"href":"https:\/\/if-maroc.org\/marrakech\/wp-json\/wp\/v2\/pages"}],"about":[{"href":"https:\/\/if-maroc.org\/marrakech\/wp-json\/wp\/v2\/types\/page"}],"author":[{"embeddable":true,"href":"https:\/\/if-maroc.org\/marrakech\/wp-json\/wp\/v2\/users\/1"}],"replies":[{"embeddable":true,"href":"https:\/\/if-maroc.org\/marrakech\/wp-json\/wp\/v2\/comments?post=379"}],"version-history":[{"count":4,"href":"https:\/\/if-maroc.org\/marrakech\/wp-json\/wp\/v2\/pages\/379\/revisions"}],"predecessor-version":[{"id":1207,"href":"https:\/\/if-maroc.org\/marrakech\/wp-json\/wp\/v2\/pages\/379\/revisions\/1207"}],"wp:attachment":[{"href":"https:\/\/if-maroc.org\/marrakech\/wp-json\/wp\/v2\/media?parent=379"}],"curies":[{"name":"wp","href":"https:\/\/api.w.org\/{rel}","templated":true}]}}