{"id":354,"date":"2020-08-26T16:46:59","date_gmt":"2020-08-26T14:46:59","guid":{"rendered":"https:\/\/if-maroc.org\/meknes\/?page_id=354"},"modified":"2025-12-09T15:06:11","modified_gmt":"2025-12-09T14:06:11","slug":"mediatheques","status":"publish","type":"page","link":"https:\/\/if-maroc.org\/meknes\/mediatheques\/","title":{"rendered":"M\u00e9diath\u00e8que de Mekn\u00e8s"},"content":{"rendered":"\n<p>La m\u00e9diath\u00e8que de l\u2019Institut fran\u00e7ais de Mekn\u00e8s est un lieu de vie et d\u2019ouverture. Elle met \u00e0 votre disposition plus de 20&nbsp;000 ouvrages et plus de 60 abonnements de presse.&nbsp;<\/p>\n\n\n\n<p>Le fonds est compos\u00e9 de&nbsp;: Revues, journaux, encyclop\u00e9dies, romans, documentaires, bandes dessin\u00e9es, albums, documents audiovisuels (DVD, CD). Elle propose aussi des espaces de travail et de lecture, la presse et les magazines, des postes informatiques en libre acc\u00e8s et le visionnage des DVD.<\/p>\n","protected":false},"excerpt":{"rendered":"<p>La m\u00e9diath\u00e8que de l\u2019Institut fran\u00e7ais de Mekn\u00e8s est un lieu de vie et d\u2019ouverture. Elle met \u00e0 votre disposition plus de 20&nbsp;000 ouvrages et plus de 60 abonnements de presse.&nbsp; Le fonds est compos\u00e9 de&nbsp;: Revues, journaux, encyclop\u00e9dies, romans, documentaires, bandes dessin\u00e9es, albums, documents audiovisuels (DVD, CD). Elle propose aussi des espaces de travail et [&hellip;]<\/p>\n","protected":false},"author":1,"featured_media":2010,"parent":0,"menu_order":0,"comment_status":"closed","ping_status":"closed","template":"page-templates\/page-medialibrary.php","meta":{"_acf_changed":false,"footnotes":""},"class_list":["post-354","page","type-page","status-publish","has-post-thumbnail","hentry"],"acf":[],"_links":{"self":[{"href":"https:\/\/if-maroc.org\/meknes\/wp-json\/wp\/v2\/pages\/354","targetHints":{"allow":["GET"]}}],"collection":[{"href":"https:\/\/if-maroc.org\/meknes\/wp-json\/wp\/v2\/pages"}],"about":[{"href":"https:\/\/if-maroc.org\/meknes\/wp-json\/wp\/v2\/types\/page"}],"author":[{"embeddable":true,"href":"https:\/\/if-maroc.org\/meknes\/wp-json\/wp\/v2\/users\/1"}],"replies":[{"embeddable":true,"href":"https:\/\/if-maroc.org\/meknes\/wp-json\/wp\/v2\/comments?post=354"}],"version-history":[{"count":17,"href":"https:\/\/if-maroc.org\/meknes\/wp-json\/wp\/v2\/pages\/354\/revisions"}],"predecessor-version":[{"id":4085,"href":"https:\/\/if-maroc.org\/meknes\/wp-json\/wp\/v2\/pages\/354\/revisions\/4085"}],"wp:featuredmedia":[{"embeddable":true,"href":"https:\/\/if-maroc.org\/meknes\/wp-json\/wp\/v2\/media\/2010"}],"wp:attachment":[{"href":"https:\/\/if-maroc.org\/meknes\/wp-json\/wp\/v2\/media?parent=354"}],"curies":[{"name":"wp","href":"https:\/\/api.w.org\/{rel}","templated":true}]}}