{"id":5213,"date":"2025-09-03T20:46:59","date_gmt":"2025-09-03T18:46:59","guid":{"rendered":"https:\/\/if-maroc.org\/oujda\/?page_id=5213"},"modified":"2025-09-04T19:03:01","modified_gmt":"2025-09-04T17:03:01","slug":"cours-pour-professionnels","status":"publish","type":"page","link":"https:\/\/if-maroc.org\/oujda\/cours-pour-professionnels\/","title":{"rendered":"IF Maroc Pro : Notre service d\u00e9di\u00e9 aux professionnels"},"content":{"rendered":"\n<p>Adapt\u00e9es \u00e0 vos besoins et vos demandes, nos formations sur mesure visent la ma\u00eetrise des techniques et outils linguistiques pour vous permettre d&rsquo;atteindre vos objectifs.<\/p>\n\n\n<div class=\"flex justify-center py-8 min-h-64 quote\">\n    <div class=\"max-w-quote relative\">\n        <div class=\"absolute top-0 h-64 left-0 -mt-12 -ml-24 quote-decoration\">\n            <svg class=\"text-font-blue fill-current h-full\" xmlns=\"http:\/\/www.w3.org\/2000\/svg\" viewBox=\"0 0 24 24\"><path d=\"M20.51,1.28,23,2.64,15.91,15.27l-2.49-1.36Zm-17.33,8,9.07,11.66-2.18,1.83L1,11.06Z\" style=\"fill-rule:evenodd\"\/><\/svg>\n        <\/div>\n        <p class=\"relative text-xl leading-normal tracking-wider mb-5 italic quote-body\">\u00ab L\u2019IF a am\u00e9lior\u00e9 le niveau de fran\u00e7ais des collaborateurs, ce qui se ressent autant dans les tests que dans la vie de tous les jours.\u00a0\u00bb<\/p>\n                    <p class=\"relative text-gray-500 text-sm quote-author\">&#8211; AXA<\/p>\n            <\/div>\n<\/div>\n\n<div class=\"flex justify-center py-8 min-h-64 quote\">\n    <div class=\"max-w-quote relative\">\n        <div class=\"absolute top-0 h-64 left-0 -mt-12 -ml-24 quote-decoration\">\n            <svg class=\"text-font-blue fill-current h-full\" xmlns=\"http:\/\/www.w3.org\/2000\/svg\" viewBox=\"0 0 24 24\"><path d=\"M20.51,1.28,23,2.64,15.91,15.27l-2.49-1.36Zm-17.33,8,9.07,11.66-2.18,1.83L1,11.06Z\" style=\"fill-rule:evenodd\"\/><\/svg>\n        <\/div>\n        <p class=\"relative text-xl leading-normal tracking-wider mb-5 italic quote-body\">\u00ab L\u2019IF Maroc Pro est une belle opportunit\u00e9 pour nos \u00e9tudiants de d\u00e9velopper leurs comp\u00e9tences linguistiques et de se pr\u00e9parer \u00e0 une carri\u00e8re dans le secteur de la sant\u00e9, ici ou \u00e0 l\u2019international\u00a0\u00bb<\/p>\n                    <p class=\"relative text-gray-500 text-sm quote-author\">&#8211; ISCS \u2013 Institut des Sciences et Carri\u00e8res de Sant\u00e9 Priv\u00e9<\/p>\n            <\/div>\n<\/div>","protected":false},"excerpt":{"rendered":"<p>Adapt\u00e9es \u00e0 vos besoins et vos demandes, nos formations sur mesure visent la ma\u00eetrise des techniques et outils linguistiques pour vous permettre d&rsquo;atteindre vos objectifs.<\/p>\n","protected":false},"author":80,"featured_media":0,"parent":0,"menu_order":0,"comment_status":"closed","ping_status":"closed","template":"page-templates\/page-pro-courses.php","meta":{"_acf_changed":false,"footnotes":""},"class_list":["post-5213","page","type-page","status-publish","hentry"],"acf":[],"_links":{"self":[{"href":"https:\/\/if-maroc.org\/oujda\/wp-json\/wp\/v2\/pages\/5213","targetHints":{"allow":["GET"]}}],"collection":[{"href":"https:\/\/if-maroc.org\/oujda\/wp-json\/wp\/v2\/pages"}],"about":[{"href":"https:\/\/if-maroc.org\/oujda\/wp-json\/wp\/v2\/types\/page"}],"author":[{"embeddable":true,"href":"https:\/\/if-maroc.org\/oujda\/wp-json\/wp\/v2\/users\/80"}],"replies":[{"embeddable":true,"href":"https:\/\/if-maroc.org\/oujda\/wp-json\/wp\/v2\/comments?post=5213"}],"version-history":[{"count":5,"href":"https:\/\/if-maroc.org\/oujda\/wp-json\/wp\/v2\/pages\/5213\/revisions"}],"predecessor-version":[{"id":5227,"href":"https:\/\/if-maroc.org\/oujda\/wp-json\/wp\/v2\/pages\/5213\/revisions\/5227"}],"wp:attachment":[{"href":"https:\/\/if-maroc.org\/oujda\/wp-json\/wp\/v2\/media?parent=5213"}],"curies":[{"name":"wp","href":"https:\/\/api.w.org\/{rel}","templated":true}]}}