{"id":5279,"date":"2025-10-02T20:11:20","date_gmt":"2025-10-02T18:11:20","guid":{"rendered":"https:\/\/if-maroc.org\/oujda\/detail-de-levenement\/"},"modified":"2025-10-03T13:12:19","modified_gmt":"2025-10-03T11:12:19","slug":"detail-evenement","status":"publish","type":"page","link":"https:\/\/if-maroc.org\/oujda\/detail-evenement\/","title":{"rendered":"D\u00e9tail de l&rsquo;\u00e9v\u00e9nement"},"content":{"rendered":"<div class='kiosque-aec'><div\n data-module='events'\n data-action='event-view'\n data-param-event-id=''\n data-param-lang='fr_FR'><\/div><\/div>\n\n\n\n<p><\/p>\n","protected":false},"excerpt":{"rendered":"","protected":false},"author":80,"featured_media":0,"parent":0,"menu_order":0,"comment_status":"closed","ping_status":"closed","template":"page-templates\/page-webapp.php","meta":{"_acf_changed":false,"footnotes":""},"class_list":["post-5279","page","type-page","status-publish","hentry"],"acf":[],"_links":{"self":[{"href":"https:\/\/if-maroc.org\/oujda\/wp-json\/wp\/v2\/pages\/5279","targetHints":{"allow":["GET"]}}],"collection":[{"href":"https:\/\/if-maroc.org\/oujda\/wp-json\/wp\/v2\/pages"}],"about":[{"href":"https:\/\/if-maroc.org\/oujda\/wp-json\/wp\/v2\/types\/page"}],"author":[{"embeddable":true,"href":"https:\/\/if-maroc.org\/oujda\/wp-json\/wp\/v2\/users\/80"}],"replies":[{"embeddable":true,"href":"https:\/\/if-maroc.org\/oujda\/wp-json\/wp\/v2\/comments?post=5279"}],"version-history":[{"count":1,"href":"https:\/\/if-maroc.org\/oujda\/wp-json\/wp\/v2\/pages\/5279\/revisions"}],"predecessor-version":[{"id":5301,"href":"https:\/\/if-maroc.org\/oujda\/wp-json\/wp\/v2\/pages\/5279\/revisions\/5301"}],"wp:attachment":[{"href":"https:\/\/if-maroc.org\/oujda\/wp-json\/wp\/v2\/media?parent=5279"}],"curies":[{"name":"wp","href":"https:\/\/api.w.org\/{rel}","templated":true}]}}