{"id":354,"date":"2020-08-26T16:46:59","date_gmt":"2020-08-26T14:46:59","guid":{"rendered":"https:\/\/if-maroc.org\/rabat\/?page_id=354"},"modified":"2026-03-27T10:48:02","modified_gmt":"2026-03-27T09:48:02","slug":"mediatheques","status":"publish","type":"page","link":"https:\/\/if-maroc.org\/rabat\/mediatheques\/","title":{"rendered":"M\u00e9diath\u00e8que de Rabat"},"content":{"rendered":"<div>\n    <ifm-image  class=\"my-8\" oriented ratio=\"pb-0\">\n        <img decoding=\"async\" src=\"https:\/\/if-maroc.org\/rabat\/wp-content\/uploads\/sites\/7\/2021\/02\/DSC_0026-scaled.jpg\" class=\"h-full w-full object-contain object-center py-0\" alt=\"\">\n        <template v-slot:alt><\/template>\n    <\/ifm-image>\n<\/div>\n\n\n<p><strong>La m\u00e9diath\u00e8que de l\u2019Institut fran\u00e7ais de Rabat<\/strong> vous offre un v\u00e9ritable portail vers la culture, les litt\u00e9ratures et les savoirs. Riche de plus de 30 000 titres sur un espace de 500m\u00b2, elle vous propose un large choix de documents. Retrouvez des ressources en fran\u00e7ais et en arabe, \u00e0 la fois pour vous cultiver et vous distraire :<\/p>\n\n\n\n<ul class=\"wp-block-list\">\n<li>Des livres dans diff\u00e9rents domaines : philosophie, religion, sciences sociales, langues, sciences pures, techniques, beaux-arts et loisirs, litt\u00e9ratures, g\u00e9ographie et histoire, et des ouvrages g\u00e9n\u00e9ralistes.<\/li>\n\n\n\n<li>Des p\u00f4les d\u2019excellence, offrant un panel d\u2019ouvrages sur une th\u00e9matique pr\u00e9cise, avec un fonds Maroc, Urgence climatique, Genre et Identit\u00e9s.<\/li>\n\n\n\n<li>Des revues et des journaux pour vous informer de l\u2019actualit\u00e9, avec une offre d\u2019abonnements innovants et renouvel\u00e9s chaque ann\u00e9e.<\/li>\n\n\n\n<li>Des m\u00e9thodes et des ouvrages d\u00e9di\u00e9s \u00e0 l\u2019apprentissage du fran\u00e7ais avec un fonds biblioth\u00e8que de l\u2019apprenant.<\/li>\n\n\n\n<li>Un large choix de BD et de romans francophones pour adultes.<\/li>\n\n\n\n<li>Enfin, de nombreux romans, documentaires et BD, pour les enfants et les adolescents.<\/li>\n<\/ul>\n\n\n\n<p><\/p>\n\n\n\n<p><\/p>\n","protected":false},"excerpt":{"rendered":"<p>La m\u00e9diath\u00e8que de l\u2019Institut fran\u00e7ais de Rabat vous offre un v\u00e9ritable portail vers la culture, les litt\u00e9ratures et les savoirs. Riche de plus de 30 000 titres sur un espace de 500m\u00b2, elle vous propose un large choix de documents. Retrouvez des ressources en fran\u00e7ais et en arabe, \u00e0 la fois pour vous cultiver et [&hellip;]<\/p>\n","protected":false},"author":1,"featured_media":274,"parent":0,"menu_order":0,"comment_status":"closed","ping_status":"closed","template":"page-templates\/page-medialibrary.php","meta":{"_acf_changed":false,"footnotes":""},"class_list":["post-354","page","type-page","status-publish","has-post-thumbnail","hentry"],"acf":[],"_links":{"self":[{"href":"https:\/\/if-maroc.org\/rabat\/wp-json\/wp\/v2\/pages\/354","targetHints":{"allow":["GET"]}}],"collection":[{"href":"https:\/\/if-maroc.org\/rabat\/wp-json\/wp\/v2\/pages"}],"about":[{"href":"https:\/\/if-maroc.org\/rabat\/wp-json\/wp\/v2\/types\/page"}],"author":[{"embeddable":true,"href":"https:\/\/if-maroc.org\/rabat\/wp-json\/wp\/v2\/users\/1"}],"replies":[{"embeddable":true,"href":"https:\/\/if-maroc.org\/rabat\/wp-json\/wp\/v2\/comments?post=354"}],"version-history":[{"count":106,"href":"https:\/\/if-maroc.org\/rabat\/wp-json\/wp\/v2\/pages\/354\/revisions"}],"predecessor-version":[{"id":7374,"href":"https:\/\/if-maroc.org\/rabat\/wp-json\/wp\/v2\/pages\/354\/revisions\/7374"}],"wp:featuredmedia":[{"embeddable":true,"href":"https:\/\/if-maroc.org\/rabat\/wp-json\/wp\/v2\/media\/274"}],"wp:attachment":[{"href":"https:\/\/if-maroc.org\/rabat\/wp-json\/wp\/v2\/media?parent=354"}],"curies":[{"name":"wp","href":"https:\/\/api.w.org\/{rel}","templated":true}]}}