{"id":1015,"date":"2021-02-17T17:21:14","date_gmt":"2021-02-17T16:21:14","guid":{"rendered":"https:\/\/if-maroc.org\/tanger\/?page_id=1015"},"modified":"2021-04-18T16:38:36","modified_gmt":"2021-04-18T14:38:36","slug":"edition-2019","status":"publish","type":"page","link":"https:\/\/if-maroc.org\/tanger\/printemps-du-livre\/edition-2019\/","title":{"rendered":"EDITION 2019"},"content":{"rendered":"\n<p><\/p>\n\n\n\n<h4 class=\"wp-block-heading\">PRINTEMPS DU LIVRE ET DES ARTS DE TANGER \u2013 23e \u00c9DITION<br>DU 18 AU 21 AVRIL 2019<br>Palais des Institutions Italiennes<\/h4>\n\n\n\n<h2 class=\"wp-block-heading\"><strong>L\u2019AVENTURE<\/strong><\/h2>\n\n\n\n<p>\u00ab&nbsp;Il n\u2019y a rien de plus parfum\u00e9, de plus p\u00e9tillant, de plus enivrant que l\u2019infini des possibles&nbsp;\u00bb<\/p>\n\n\n\n<p>(S. Kierkegaard).<\/p>\n\n\n\n<p>Le Printemps du livre et des arts de Tanger revient&nbsp;<strong>du 18 au 21 avril 2019<\/strong>&nbsp;pour une nouvelle \u00e9dition d\u00e9di\u00e9e \u00e0&nbsp;<strong>l\u2019Aventure.<\/strong><\/p>\n\n\n\n<p>Fid\u00e8le \u00e0 son esprit, le Printemps du livre continuera \u00e0 \u00eatre le lieu de rencontres se d\u00e9ployant non seulement dans le champ de la litt\u00e9rature, mais aussi dans d\u2019autres formes d\u2019expression telles que la musique, les arts plastiques, le cin\u00e9ma. En effet, sur sc\u00e8ne, en d\u00e9bat ou en lecture, accompagn\u00e9e de musique, en dialogue avec la psychanalyse, la sociologie, la litt\u00e9rature et les arts seront \u00e0 la f\u00eate au Palais des Institutions Italiennes mais aussi dans toutes les galeries d\u2019art contemporain de la ville, \u00e0 la Cin\u00e9math\u00e8que de Tanger et dans les \u00e9coles, les coll\u00e8ges et les lyc\u00e9es.<\/p>\n\n\n\n<p>L\u2019aventure en tant que mode d\u2019expression le plus exaltant de cette \u00ab&nbsp;possibilit\u00e9 de pouvoir&nbsp;\u00bb apparait comme un terrain extraordinaire d\u2019\u00e9tude de la question de la libert\u00e9, du choix, de l\u2019action et de la construction permanente du sens.<\/p>\n\n\n\n<p>Ainsi d\u2019une vie d\u2019aventure \u00e0 l\u2019aventure d\u2019une vie et \u00e0 travers la question du langage, de l\u2019ailleurs, du r\u00e9cit, le th\u00e8me de l\u2019aventure sera d\u00e9clin\u00e9 durant ces quatre jours de festival.<\/p>\n\n\n\n<p>Retrouvez tr\u00e8s prochainement tous les d\u00e9tails du programme sur cette page et sur&nbsp;<a href=\"https:\/\/www.facebook.com\/institutfrancaisdetanger\/\" target=\"_blank\" rel=\"noopener\">Facebook<\/a>&nbsp;!<\/p>\n\n\n\n<p>Confirm\u00e9s, programmation en cours&nbsp;:<\/p>\n\n\n\n<p><strong>Thomas BAAS<\/strong>&nbsp;\u2013 Illustrateur et affichiste<br><strong>Salim BACHI<\/strong>&nbsp;\u2013 &nbsp;\u00c9crivain<br><strong>Jalil BENNANI<\/strong>&nbsp;\u2013&nbsp; Psychanalyste<br><strong>Arno BERTINA<\/strong>&nbsp;&nbsp;\u2013 &nbsp;\u00c9crivain & co-fondateur de la revue \u00ab&nbsp;Inculte&nbsp;\u00bb<br><strong>Fr\u00e9d\u00e9ric BOYER<\/strong>&nbsp;\u2013 &nbsp;\u00c9crivain & directeur des \u00e9ditions \u00ab&nbsp;P.O.L&nbsp;\u00bb<br><strong>Eva CHANET<\/strong>\u2013 &nbsp;\u00c9ditrice aux \u00e9ditions \u00ab&nbsp;Actes Sud&nbsp;\u00bb<br><strong>Patrice FRANCESCHI<\/strong>&nbsp;\u2013 \u00c9crivain & explorateur<br><strong>Armand GAUZ<\/strong>&nbsp;\u2013 &nbsp;\u00c9crivain<br><strong>Roland GORI<\/strong>&nbsp;\u2013 &nbsp;Psychanalyste, psychologue & universitaire<br><strong>Simon-Pierre HAMELIN<\/strong>\u2013 \u00c9crivain & \u00e9diteur de la revue \u00ab&nbsp;Nejma&nbsp;\u00bb<br><strong>Driss KSIKES<\/strong>&nbsp;\u2013 \u00c9crivain & directeur de recherche au CESEM<br><strong>Nicole LAPIERRE<\/strong>&nbsp;\u2013 Anthropologue & sociologue<br><strong>Fouad LAROUI<\/strong>&nbsp;\u2013 \u00c9crivain & universitaire<br><strong>Fr\u00e9d\u00e9ric LECLOUX<\/strong>&nbsp;\u2013 \u00c9crivain & photographe<br><strong>Laurence LEGUEN<\/strong>&nbsp;\u2013 &nbsp;\u00c9crivaine<br><strong>Mai-Do HAMISULTANE<\/strong>&nbsp;\u2013 \u00c9crivaine & psychiatre<br><strong>Abdelkader RETNANI<\/strong>&nbsp;\u2013 \u00c9diteur & directeur des \u00e9ditions \u00ab&nbsp;La Crois\u00e9e des Chemins&nbsp;\u00bb<br><strong>Marianne RUBINSTEIN<\/strong>&nbsp;\u2013 \u00c9crivaine & \u00e9conomiste<br><strong>Kenza SEFRIOUI<\/strong>&nbsp;\u2013 Journaliste culturelle & co-fondatrice des \u00e9ditions \u00ab&nbsp;En Toutes Lettres&nbsp;\u00bb<br><strong>Dominique SIGAUD<\/strong>&nbsp;\u2013 \u00c9crivain & grand reporter<br><strong>Habib TENGHOUR<\/strong>&nbsp;\u2013 &nbsp;\u00c9crivain & po\u00e8te<br><strong>Abdellah TOURABI<\/strong>&nbsp;\u2013 &nbsp;Chercheur, politologue, islamologue & journaliste<br><strong>Khalid ZEKRI<\/strong>&nbsp;\u2013 \u00c9ssayiste, sociologue & universitaire<\/p>\n","protected":false},"excerpt":{"rendered":"<p>PRINTEMPS DU LIVRE ET DES ARTS DE TANGER \u2013 23e \u00c9DITIONDU 18 AU 21 AVRIL 2019Palais des Institutions Italiennes L\u2019AVENTURE \u00ab&nbsp;Il n\u2019y a rien de plus parfum\u00e9, de plus p\u00e9tillant, de plus enivrant que l\u2019infini des possibles&nbsp;\u00bb (S. Kierkegaard). Le Printemps du livre et des arts de Tanger revient&nbsp;du 18 au 21 avril 2019&nbsp;pour une [&hellip;]<\/p>\n","protected":false},"author":12,"featured_media":1482,"parent":1013,"menu_order":0,"comment_status":"closed","ping_status":"closed","template":"","meta":{"_acf_changed":false,"footnotes":""},"class_list":["post-1015","page","type-page","status-publish","has-post-thumbnail","hentry"],"acf":[],"_links":{"self":[{"href":"https:\/\/if-maroc.org\/tanger\/wp-json\/wp\/v2\/pages\/1015","targetHints":{"allow":["GET"]}}],"collection":[{"href":"https:\/\/if-maroc.org\/tanger\/wp-json\/wp\/v2\/pages"}],"about":[{"href":"https:\/\/if-maroc.org\/tanger\/wp-json\/wp\/v2\/types\/page"}],"author":[{"embeddable":true,"href":"https:\/\/if-maroc.org\/tanger\/wp-json\/wp\/v2\/users\/12"}],"replies":[{"embeddable":true,"href":"https:\/\/if-maroc.org\/tanger\/wp-json\/wp\/v2\/comments?post=1015"}],"version-history":[{"count":4,"href":"https:\/\/if-maroc.org\/tanger\/wp-json\/wp\/v2\/pages\/1015\/revisions"}],"predecessor-version":[{"id":1573,"href":"https:\/\/if-maroc.org\/tanger\/wp-json\/wp\/v2\/pages\/1015\/revisions\/1573"}],"up":[{"embeddable":true,"href":"https:\/\/if-maroc.org\/tanger\/wp-json\/wp\/v2\/pages\/1013"}],"wp:featuredmedia":[{"embeddable":true,"href":"https:\/\/if-maroc.org\/tanger\/wp-json\/wp\/v2\/media\/1482"}],"wp:attachment":[{"href":"https:\/\/if-maroc.org\/tanger\/wp-json\/wp\/v2\/media?parent=1015"}],"curies":[{"name":"wp","href":"https:\/\/api.w.org\/{rel}","templated":true}]}}