{"id":1111,"date":"2021-04-18T15:06:58","date_gmt":"2021-04-18T13:06:58","guid":{"rendered":"https:\/\/if-maroc.org\/tanger\/?page_id=1111"},"modified":"2021-04-18T15:18:14","modified_gmt":"2021-04-18T13:18:14","slug":"hassan-echair","status":"publish","type":"page","link":"https:\/\/if-maroc.org\/tanger\/galerie-delacroix\/expositions-2007\/hassan-echair\/","title":{"rendered":"HASSAN ECHAIR"},"content":{"rendered":"\n<p>Exposition du&nbsp;<strong>15 juin<\/strong>&nbsp;au<strong>&nbsp;15 juillet 2007<\/strong><\/p>\n\n\n\n<p><em><strong>Hassan Echair<\/strong><\/em>&nbsp;nous transporte, \u00e9 travers ses installations, dans la po\u00e9tique du patrimoine vernaculaire. Des mat\u00e9riaux commune, banals, sobres tels que du bois, des pieux, des cordes et des pierres sont transmu\u00e9s en \u00e9l\u00e9ments de po\u00e8me visuel. \u00ab L\u2019\u0153uvre, dit Echa\u00efr, propose une s\u00e9rie de r\u00e9flexions sur la rencontre d\u2019\u00e9l\u00e9ments antagonistes, sur la m\u00e9moire, l\u2019environnement, les sentiments, les structures. R\u00e9flexions aussi sur le poids, la trace, l\u2019\u00e9nergie latente, la transparence, la libert\u00e9, la fragilit\u00e9, l\u2019identit\u00e9, l\u2019objet identifi\u00e9, non identifi\u00e9, la mati\u00e8re ou encore des r\u00e9flexions sur la mesure du temps et sur le temps. \u00bb Tout cela avec un sens minimaliste, d\u00e9licat et fragile.<\/p>\n\n\n\n<p><strong>P.-S.<\/strong><br><strong>Echair Hassan<\/strong><br>N\u00e9 en 1964 \u00e0 Rommani, province de Rabat. Artiste plasticien, il vit et travaille \u00e0 T\u00e9touan.Il suit des \u00e9tudes \u00e0 l\u2019Ecole des Beaux-arts de T\u00e9touan puis \u00e0 l\u2019Ecole r\u00e9gionale des Beaux-arts d\u2019Amiens et d\u2019Angers. Actuellement, Il est professeur \u00e0 l\u2019Institut national des Beaux-arts de T\u00e9touan. Hassan Echair multiplie les supports et les m\u00e9diums (dessin, sculpture, installation) pour entamer une m\u00e9ditation, fine et subtile, sur la mati\u00e8re, le temps, la fragilit\u00e9, la m\u00e9moire, les traces, les traces effac\u00e9es, la m\u00e9moire recompos\u00e9e\u2026Economie de moyens, minimalisme, sens de la mesure conf\u00e8rent \u00e0 la d\u00e9marche d\u2019Echair un profil particulier.<\/p>\n\n\n\n<figure class=\"wp-block-gallery columns-5 is-cropped wp-block-gallery-1 is-layout-flex wp-block-gallery-is-layout-flex\"><ul class=\"blocks-gallery-grid\"><li class=\"blocks-gallery-item\"><figure><img loading=\"lazy\" decoding=\"async\" width=\"350\" height=\"545\" src=\"https:\/\/if-maroc.org\/tanger\/wp-content\/uploads\/sites\/12\/2021\/04\/pic_5-18.jpg\" alt=\"\" data-id=\"1118\" data-link=\"https:\/\/if-maroc.org\/tanger\/galerie-delacroix\/expositions-2007\/hassan-echair\/pic_5-18\/\" class=\"wp-image-1118\" srcset=\"https:\/\/if-maroc.org\/tanger\/wp-content\/uploads\/sites\/12\/2021\/04\/pic_5-18.jpg 350w, https:\/\/if-maroc.org\/tanger\/wp-content\/uploads\/sites\/12\/2021\/04\/pic_5-18-193x300.jpg 193w, https:\/\/if-maroc.org\/tanger\/wp-content\/uploads\/sites\/12\/2021\/04\/pic_5-18-300x467.jpg 300w\" sizes=\"auto, (max-width: 350px) 100vw, 350px\" \/><\/figure><\/li><li class=\"blocks-gallery-item\"><figure><img loading=\"lazy\" decoding=\"async\" width=\"400\" height=\"614\" src=\"https:\/\/if-maroc.org\/tanger\/wp-content\/uploads\/sites\/12\/2021\/04\/pic_4-18.jpg\" alt=\"\" data-id=\"1120\" data-link=\"https:\/\/if-maroc.org\/tanger\/galerie-delacroix\/expositions-2007\/hassan-echair\/pic_4-18\/\" class=\"wp-image-1120\" srcset=\"https:\/\/if-maroc.org\/tanger\/wp-content\/uploads\/sites\/12\/2021\/04\/pic_4-18.jpg 400w, https:\/\/if-maroc.org\/tanger\/wp-content\/uploads\/sites\/12\/2021\/04\/pic_4-18-195x300.jpg 195w, https:\/\/if-maroc.org\/tanger\/wp-content\/uploads\/sites\/12\/2021\/04\/pic_4-18-300x461.jpg 300w\" sizes=\"auto, (max-width: 400px) 100vw, 400px\" \/><\/figure><\/li><li class=\"blocks-gallery-item\"><figure><img loading=\"lazy\" decoding=\"async\" width=\"400\" height=\"480\" src=\"https:\/\/if-maroc.org\/tanger\/wp-content\/uploads\/sites\/12\/2021\/04\/pic_3-19.jpg\" alt=\"\" data-id=\"1122\" data-link=\"https:\/\/if-maroc.org\/tanger\/galerie-delacroix\/expositions-2007\/hassan-echair\/pic_3-19\/\" class=\"wp-image-1122\" srcset=\"https:\/\/if-maroc.org\/tanger\/wp-content\/uploads\/sites\/12\/2021\/04\/pic_3-19.jpg 400w, https:\/\/if-maroc.org\/tanger\/wp-content\/uploads\/sites\/12\/2021\/04\/pic_3-19-250x300.jpg 250w, https:\/\/if-maroc.org\/tanger\/wp-content\/uploads\/sites\/12\/2021\/04\/pic_3-19-300x360.jpg 300w\" sizes=\"auto, (max-width: 400px) 100vw, 400px\" \/><\/figure><\/li><li class=\"blocks-gallery-item\"><figure><img loading=\"lazy\" decoding=\"async\" width=\"440\" height=\"330\" src=\"https:\/\/if-maroc.org\/tanger\/wp-content\/uploads\/sites\/12\/2021\/04\/pic_2-19.jpg\" alt=\"\" data-id=\"1124\" data-link=\"https:\/\/if-maroc.org\/tanger\/galerie-delacroix\/expositions-2007\/hassan-echair\/pic_2-19\/\" class=\"wp-image-1124\" srcset=\"https:\/\/if-maroc.org\/tanger\/wp-content\/uploads\/sites\/12\/2021\/04\/pic_2-19.jpg 440w, https:\/\/if-maroc.org\/tanger\/wp-content\/uploads\/sites\/12\/2021\/04\/pic_2-19-300x225.jpg 300w\" sizes=\"auto, (max-width: 440px) 100vw, 440px\" \/><\/figure><\/li><li class=\"blocks-gallery-item\"><figure><img loading=\"lazy\" decoding=\"async\" width=\"440\" height=\"330\" src=\"https:\/\/if-maroc.org\/tanger\/wp-content\/uploads\/sites\/12\/2021\/04\/pic_1-21.jpg\" alt=\"\" data-id=\"1126\" data-full-url=\"https:\/\/if-maroc.org\/tanger\/wp-content\/uploads\/sites\/12\/2021\/04\/pic_1-21.jpg\" data-link=\"https:\/\/if-maroc.org\/tanger\/galerie-delacroix\/expositions-2007\/hassan-echair\/pic_1-21\/\" class=\"wp-image-1126\" srcset=\"https:\/\/if-maroc.org\/tanger\/wp-content\/uploads\/sites\/12\/2021\/04\/pic_1-21.jpg 440w, https:\/\/if-maroc.org\/tanger\/wp-content\/uploads\/sites\/12\/2021\/04\/pic_1-21-300x225.jpg 300w\" sizes=\"auto, (max-width: 440px) 100vw, 440px\" \/><\/figure><\/li><\/ul><\/figure>\n","protected":false},"excerpt":{"rendered":"<p>Exposition du&nbsp;15 juin&nbsp;au&nbsp;15 juillet 2007 Hassan Echair&nbsp;nous transporte, \u00e9 travers ses installations, dans la po\u00e9tique du patrimoine vernaculaire. Des mat\u00e9riaux commune, banals, sobres tels que du bois, des pieux, des cordes et des pierres sont transmu\u00e9s en \u00e9l\u00e9ments de po\u00e8me visuel. \u00ab L\u2019\u0153uvre, dit Echa\u00efr, propose une s\u00e9rie de r\u00e9flexions sur la rencontre d\u2019\u00e9l\u00e9ments antagonistes, [&hellip;]<\/p>\n","protected":false},"author":2,"featured_media":1112,"parent":1072,"menu_order":0,"comment_status":"closed","ping_status":"closed","template":"page-templates\/page-event-archive-side-image.php","meta":{"_acf_changed":false,"footnotes":""},"class_list":["post-1111","page","type-page","status-publish","has-post-thumbnail","hentry"],"acf":[],"_links":{"self":[{"href":"https:\/\/if-maroc.org\/tanger\/wp-json\/wp\/v2\/pages\/1111","targetHints":{"allow":["GET"]}}],"collection":[{"href":"https:\/\/if-maroc.org\/tanger\/wp-json\/wp\/v2\/pages"}],"about":[{"href":"https:\/\/if-maroc.org\/tanger\/wp-json\/wp\/v2\/types\/page"}],"author":[{"embeddable":true,"href":"https:\/\/if-maroc.org\/tanger\/wp-json\/wp\/v2\/users\/2"}],"replies":[{"embeddable":true,"href":"https:\/\/if-maroc.org\/tanger\/wp-json\/wp\/v2\/comments?post=1111"}],"version-history":[{"count":2,"href":"https:\/\/if-maroc.org\/tanger\/wp-json\/wp\/v2\/pages\/1111\/revisions"}],"predecessor-version":[{"id":1128,"href":"https:\/\/if-maroc.org\/tanger\/wp-json\/wp\/v2\/pages\/1111\/revisions\/1128"}],"up":[{"embeddable":true,"href":"https:\/\/if-maroc.org\/tanger\/wp-json\/wp\/v2\/pages\/1072"}],"wp:featuredmedia":[{"embeddable":true,"href":"https:\/\/if-maroc.org\/tanger\/wp-json\/wp\/v2\/media\/1112"}],"wp:attachment":[{"href":"https:\/\/if-maroc.org\/tanger\/wp-json\/wp\/v2\/media?parent=1111"}],"curies":[{"name":"wp","href":"https:\/\/api.w.org\/{rel}","templated":true}]}}