{"id":1130,"date":"2021-04-18T15:20:32","date_gmt":"2021-04-18T13:20:32","guid":{"rendered":"https:\/\/if-maroc.org\/tanger\/?page_id=1130"},"modified":"2021-04-18T15:21:06","modified_gmt":"2021-04-18T13:21:06","slug":"mourabiti","status":"publish","type":"page","link":"https:\/\/if-maroc.org\/tanger\/galerie-delacroix\/expositions-2007\/mourabiti\/","title":{"rendered":"MOURABITI"},"content":{"rendered":"\n<p>Exposition du&nbsp;<strong>21 juillet<\/strong>&nbsp;au&nbsp;<strong>31 ao\u00fbt 2007<\/strong><\/p>\n\n\n\n<p><strong>Mohamed Mourabiti<\/strong><br>N\u00e9 en 1968 \u00e0 Marrakech. Vit et travaille \u00e0 Marrakech et Tahannaout. Il est le fondateur d\u2019Al Maq\u00e2m, lieu de rencontres culturelles et de r\u00e9sidence d\u2019artistes. En 2008, il effectue un s\u00e9jour \u00e0 la Cit\u00e9 internationale des arts \u00e0 Paris. L\u2019environnement est devenu une composante plastique de la peinture de Mourabiti : les rues \u00e9troites, les murs, les silhouettes, le jeu de l\u2019ombre et de la lumi\u00e8re.<\/p>\n\n\n\n<p><strong>Portfolio :<\/strong><\/p>\n\n\n\n<figure class=\"wp-block-gallery columns-5 is-cropped wp-block-gallery-1 is-layout-flex wp-block-gallery-is-layout-flex\"><ul class=\"blocks-gallery-grid\"><li class=\"blocks-gallery-item\"><figure><img loading=\"lazy\" decoding=\"async\" width=\"440\" height=\"442\" src=\"https:\/\/if-maroc.org\/tanger\/wp-content\/uploads\/sites\/12\/2021\/04\/pic_1-23.jpg\" alt=\"\" data-id=\"1133\" data-link=\"https:\/\/if-maroc.org\/tanger\/?attachment_id=1133\" class=\"wp-image-1133\" srcset=\"https:\/\/if-maroc.org\/tanger\/wp-content\/uploads\/sites\/12\/2021\/04\/pic_1-23.jpg 440w, https:\/\/if-maroc.org\/tanger\/wp-content\/uploads\/sites\/12\/2021\/04\/pic_1-23-300x301.jpg 300w, https:\/\/if-maroc.org\/tanger\/wp-content\/uploads\/sites\/12\/2021\/04\/pic_1-23-150x150.jpg 150w\" sizes=\"auto, (max-width: 440px) 100vw, 440px\" \/><\/figure><\/li><li class=\"blocks-gallery-item\"><figure><img loading=\"lazy\" decoding=\"async\" width=\"440\" height=\"425\" src=\"https:\/\/if-maroc.org\/tanger\/wp-content\/uploads\/sites\/12\/2021\/04\/pic_4-20.jpg\" alt=\"\" data-id=\"1135\" data-link=\"https:\/\/if-maroc.org\/tanger\/?attachment_id=1135\" class=\"wp-image-1135\" srcset=\"https:\/\/if-maroc.org\/tanger\/wp-content\/uploads\/sites\/12\/2021\/04\/pic_4-20.jpg 440w, https:\/\/if-maroc.org\/tanger\/wp-content\/uploads\/sites\/12\/2021\/04\/pic_4-20-300x290.jpg 300w\" sizes=\"auto, (max-width: 440px) 100vw, 440px\" \/><\/figure><\/li><li class=\"blocks-gallery-item\"><figure><img loading=\"lazy\" decoding=\"async\" width=\"440\" height=\"439\" src=\"https:\/\/if-maroc.org\/tanger\/wp-content\/uploads\/sites\/12\/2021\/04\/pic_2-21.jpg\" alt=\"\" data-id=\"1137\" data-link=\"https:\/\/if-maroc.org\/tanger\/?attachment_id=1137\" class=\"wp-image-1137\" srcset=\"https:\/\/if-maroc.org\/tanger\/wp-content\/uploads\/sites\/12\/2021\/04\/pic_2-21.jpg 440w, https:\/\/if-maroc.org\/tanger\/wp-content\/uploads\/sites\/12\/2021\/04\/pic_2-21-300x299.jpg 300w, https:\/\/if-maroc.org\/tanger\/wp-content\/uploads\/sites\/12\/2021\/04\/pic_2-21-150x150.jpg 150w\" sizes=\"auto, (max-width: 440px) 100vw, 440px\" \/><\/figure><\/li><li class=\"blocks-gallery-item\"><figure><img loading=\"lazy\" decoding=\"async\" width=\"440\" height=\"435\" src=\"https:\/\/if-maroc.org\/tanger\/wp-content\/uploads\/sites\/12\/2021\/04\/pic_3-21.jpg\" alt=\"\" data-id=\"1139\" data-link=\"https:\/\/if-maroc.org\/tanger\/?attachment_id=1139\" class=\"wp-image-1139\" srcset=\"https:\/\/if-maroc.org\/tanger\/wp-content\/uploads\/sites\/12\/2021\/04\/pic_3-21.jpg 440w, https:\/\/if-maroc.org\/tanger\/wp-content\/uploads\/sites\/12\/2021\/04\/pic_3-21-300x297.jpg 300w\" sizes=\"auto, (max-width: 440px) 100vw, 440px\" \/><\/figure><\/li><li class=\"blocks-gallery-item\"><figure><img loading=\"lazy\" decoding=\"async\" width=\"440\" height=\"438\" src=\"https:\/\/if-maroc.org\/tanger\/wp-content\/uploads\/sites\/12\/2021\/04\/pic_5-20.jpg\" alt=\"\" data-id=\"1141\" data-full-url=\"https:\/\/if-maroc.org\/tanger\/wp-content\/uploads\/sites\/12\/2021\/04\/pic_5-20.jpg\" data-link=\"https:\/\/if-maroc.org\/tanger\/?attachment_id=1141\" class=\"wp-image-1141\" srcset=\"https:\/\/if-maroc.org\/tanger\/wp-content\/uploads\/sites\/12\/2021\/04\/pic_5-20.jpg 440w, https:\/\/if-maroc.org\/tanger\/wp-content\/uploads\/sites\/12\/2021\/04\/pic_5-20-300x299.jpg 300w, https:\/\/if-maroc.org\/tanger\/wp-content\/uploads\/sites\/12\/2021\/04\/pic_5-20-150x150.jpg 150w\" sizes=\"auto, (max-width: 440px) 100vw, 440px\" \/><\/figure><\/li><\/ul><\/figure>\n","protected":false},"excerpt":{"rendered":"<p>Exposition du&nbsp;21 juillet&nbsp;au&nbsp;31 ao\u00fbt 2007 Mohamed MourabitiN\u00e9 en 1968 \u00e0 Marrakech. Vit et travaille \u00e0 Marrakech et Tahannaout. Il est le fondateur d\u2019Al Maq\u00e2m, lieu de rencontres culturelles et de r\u00e9sidence d\u2019artistes. En 2008, il effectue un s\u00e9jour \u00e0 la Cit\u00e9 internationale des arts \u00e0 Paris. L\u2019environnement est devenu une composante plastique de la peinture [&hellip;]<\/p>\n","protected":false},"author":2,"featured_media":1131,"parent":1072,"menu_order":0,"comment_status":"closed","ping_status":"closed","template":"page-templates\/page-event-archive-side-image.php","meta":{"_acf_changed":false,"footnotes":""},"class_list":["post-1130","page","type-page","status-publish","has-post-thumbnail","hentry"],"acf":[],"_links":{"self":[{"href":"https:\/\/if-maroc.org\/tanger\/wp-json\/wp\/v2\/pages\/1130","targetHints":{"allow":["GET"]}}],"collection":[{"href":"https:\/\/if-maroc.org\/tanger\/wp-json\/wp\/v2\/pages"}],"about":[{"href":"https:\/\/if-maroc.org\/tanger\/wp-json\/wp\/v2\/types\/page"}],"author":[{"embeddable":true,"href":"https:\/\/if-maroc.org\/tanger\/wp-json\/wp\/v2\/users\/2"}],"replies":[{"embeddable":true,"href":"https:\/\/if-maroc.org\/tanger\/wp-json\/wp\/v2\/comments?post=1130"}],"version-history":[{"count":2,"href":"https:\/\/if-maroc.org\/tanger\/wp-json\/wp\/v2\/pages\/1130\/revisions"}],"predecessor-version":[{"id":1144,"href":"https:\/\/if-maroc.org\/tanger\/wp-json\/wp\/v2\/pages\/1130\/revisions\/1144"}],"up":[{"embeddable":true,"href":"https:\/\/if-maroc.org\/tanger\/wp-json\/wp\/v2\/pages\/1072"}],"wp:featuredmedia":[{"embeddable":true,"href":"https:\/\/if-maroc.org\/tanger\/wp-json\/wp\/v2\/media\/1131"}],"wp:attachment":[{"href":"https:\/\/if-maroc.org\/tanger\/wp-json\/wp\/v2\/media?parent=1130"}],"curies":[{"name":"wp","href":"https:\/\/api.w.org\/{rel}","templated":true}]}}