{"id":1487,"date":"2021-04-18T16:17:06","date_gmt":"2021-04-18T14:17:06","guid":{"rendered":"https:\/\/if-maroc.org\/tanger\/?page_id=1487"},"modified":"2021-04-19T15:40:40","modified_gmt":"2021-04-19T13:40:40","slug":"edition-2018","status":"publish","type":"page","link":"https:\/\/if-maroc.org\/tanger\/printemps-du-livre\/edition-2018\/","title":{"rendered":"EDITION 2018"},"content":{"rendered":"\n<h2 class=\"wp-block-heading\">PRINTEMPS DU LIVRE ET DES ARTS DE TANGER \u2013 22e \u00c9DITION<\/h2>\n\n\n\n<p><strong>DU 19 AU 22 AVRIL 2018<\/strong><br>Palais des Institutions Italiennes<\/p>\n\n\n\n<p><strong>LA RENCONTRE<\/strong><br>De l\u2019autre \u00e0 soi<\/p>\n\n\n\n<p>Le Printemps du Livre et des Arts de Tanger (anciennement Salon International de Tanger des Livres et des Arts) revient du 19 au 22 avril 2018 pour une nouvelle \u00e9dition d\u00e9di\u00e9e \u00e0 \u00ab&nbsp;la rencontre&nbsp;\u00bb.<\/p>\n\n\n\n<p>Sur sc\u00e8ne, en d\u00e9bat ou en lecture, accompagn\u00e9e de musique, en dialogue avec la psychanalyse, le cin\u00e9ma, la sociologie ou la bande-dessin\u00e9e, la litt\u00e9rature sera \u00e0 la f\u00eate au Palais des Institutions Italiennes mais aussi dans plusieurs galeries d\u2019art contemporain, \u00e0 la Cin\u00e9math\u00e8que, dans les \u00e9coles, les coll\u00e8ges, les lyc\u00e9es et \u00e0 la L\u00e9gation am\u00e9ricaine de Tanger !<\/p>\n\n\n\n<p>Rencontre avec le monde, rencontre avec le corps, rencontre amoureuse, rencontre des \u00e9conomies\u2026 Durant quatre jours de festival artistique et litt\u00e9raire, d\u2019une table ronde \u00e0 une lecture musicale, un spectacle ou un atelier, les regards et les propositions artistiques se croiseront pour penser avec le public, jeune ou adulte, cette question de la rencontre, en tant qu\u2019exp\u00e9rience de l\u2019Autre et d\u00e9couverte de soi.<\/p>\n\n\n\n<p><em>En partenariat avec l\u2019Association Tanger R\u00e9gion Action Culturelle<\/em><\/p>\n\n\n\n<p><strong>#PARMI LES INVIT\u00c9S<\/strong><br>Laure Adler, Ali Benmakhlouf, Jalil Bennani, Mahi Binebine, Catel Muller & Jos\u00e9-Louis Bocquet, Fr\u00e9d\u00e9ric Boyer, Sanaa El Aji, Shereen El Feki, Sylvie Germain, Marek Halter, Kaoutar Harchi, Mohamed Hmoudane, Hicham Houda\u00effa, Abdelfattah Kilito, Driss Ksikes, Abdellatif La\u00e2bi, Fouad Laroui, Gilles Leroy, Eric Reinhardt, Kenza Sefrioui, Leila Shahid, Abdellah Tourabi\u2026<\/p>\n\n\n\n<p><strong>#LES SOIR\u00c9ES DU FESTIVAL<\/strong><br><strong>MUSLIM & HAMID EL HADRI<\/strong>&nbsp;\u2013 concert, vendredi 20 avril \u00e0 21h30<br><strong>GNAWA DIFFUSION<\/strong>&nbsp;\u2013 concert, samedi 21 avril \u00e0 21h30<br><strong>LA NUIT DU CIN\u00c9MA<\/strong>, dimanche 22 avril \u00e0 19h00<\/p>\n\n\n\n<p><strong>#L\u2019ESPACE JEUNESSE<\/strong><br>Des ateliers d\u2019\u00e9criture et des lectures de contes seront ouverts \u00e0 tous pendant le festival. Un espace en libre acc\u00e8s accueillera par ailleurs des ateliers de portraits et d\u2019acrobatie, encadr\u00e9s par le Th\u00e9\u00e2tre Darna et beaucoup d\u2019autres activit\u00e9s ! Le groupe Z\u00e8bre \u00e0 trois donnera \u00e9galement rendez-vous aux plus jeunes pour de joyeux concerts dans l\u2019espace jeunesse.<br>Des ateliers d\u2019\u00e9criture, de story-board et de peinture seront mis en place en parall\u00e8le dans des \u00e9coles et le concours de lecture Plaisir de Lire sera de retour pour une nouvelle \u00e9dition. Coll\u00e9giens et lyc\u00e9ens pourront \u00e0 cette occasion \u00e9changer directement et de mani\u00e8re privil\u00e9gi\u00e9e avec les \u00e9crivains Abdellatif La\u00e2bi et Julia Billet.<\/p>\n\n\n\n<p>Retrouvez tr\u00e8s prochainement tous les d\u00e9tails du programme sur cette page et sur&nbsp;<a href=\"https:\/\/www.facebook.com\/institutfrancaisdetanger\/\" target=\"_blank\" rel=\"noopener\">Facebook<\/a>&nbsp;!<\/p>\n","protected":false},"excerpt":{"rendered":"<p>PRINTEMPS DU LIVRE ET DES ARTS DE TANGER \u2013 22e \u00c9DITION DU 19 AU 22 AVRIL 2018Palais des Institutions Italiennes LA RENCONTREDe l\u2019autre \u00e0 soi Le Printemps du Livre et des Arts de Tanger (anciennement Salon International de Tanger des Livres et des Arts) revient du 19 au 22 avril 2018 pour une nouvelle \u00e9dition [&hellip;]<\/p>\n","protected":false},"author":2,"featured_media":1488,"parent":1013,"menu_order":0,"comment_status":"closed","ping_status":"closed","template":"page-templates\/page-event-archive.php","meta":{"_acf_changed":false,"footnotes":""},"class_list":["post-1487","page","type-page","status-publish","has-post-thumbnail","hentry"],"acf":[],"_links":{"self":[{"href":"https:\/\/if-maroc.org\/tanger\/wp-json\/wp\/v2\/pages\/1487","targetHints":{"allow":["GET"]}}],"collection":[{"href":"https:\/\/if-maroc.org\/tanger\/wp-json\/wp\/v2\/pages"}],"about":[{"href":"https:\/\/if-maroc.org\/tanger\/wp-json\/wp\/v2\/types\/page"}],"author":[{"embeddable":true,"href":"https:\/\/if-maroc.org\/tanger\/wp-json\/wp\/v2\/users\/2"}],"replies":[{"embeddable":true,"href":"https:\/\/if-maroc.org\/tanger\/wp-json\/wp\/v2\/comments?post=1487"}],"version-history":[{"count":1,"href":"https:\/\/if-maroc.org\/tanger\/wp-json\/wp\/v2\/pages\/1487\/revisions"}],"predecessor-version":[{"id":1490,"href":"https:\/\/if-maroc.org\/tanger\/wp-json\/wp\/v2\/pages\/1487\/revisions\/1490"}],"up":[{"embeddable":true,"href":"https:\/\/if-maroc.org\/tanger\/wp-json\/wp\/v2\/pages\/1013"}],"wp:featuredmedia":[{"embeddable":true,"href":"https:\/\/if-maroc.org\/tanger\/wp-json\/wp\/v2\/media\/1488"}],"wp:attachment":[{"href":"https:\/\/if-maroc.org\/tanger\/wp-json\/wp\/v2\/media?parent=1487"}],"curies":[{"name":"wp","href":"https:\/\/api.w.org\/{rel}","templated":true}]}}