{"id":1531,"date":"2021-04-18T16:24:51","date_gmt":"2021-04-18T14:24:51","guid":{"rendered":"https:\/\/if-maroc.org\/tanger\/?page_id=1531"},"modified":"2021-04-18T16:24:53","modified_gmt":"2021-04-18T14:24:53","slug":"edition-2017","status":"publish","type":"page","link":"https:\/\/if-maroc.org\/tanger\/printemps-du-livre\/edition-2017\/","title":{"rendered":"EDITION 2017"},"content":{"rendered":"\n<p>21\u00e8me \u00e9dition du Salon International de Tanger des Livres et des Arts<\/p>\n\n\n\n<p><strong>DU 3 AU 7 MAI 2017<\/strong><\/p>\n\n\n\n<p>TANGER \u2013 Palais des Institutions Italiennes<\/p>\n\n\n\n<p>Autour du th\u00e8me \u00ab&nbsp;<strong>Quelle libert\u00e9 pour la jeunesse ?<\/strong>&nbsp;\u00bb<\/p>\n\n\n\n<p>Le Salon International de Tanger des Livres et des Arts revient du 3 au 7 mai pour une nouvelle \u00e9dition d\u00e9di\u00e9e \u00e0 la jeunesse. Ecrivains mais aussi sociologues, philosophes et artistes, venus de France et du Maroc, seront invit\u00e9s \u00e0 partager leur regard sur la jeunesse et les d\u00e9fis qui lui sont li\u00e9s.<\/p>\n\n\n\n<p>Comment la jeunesse s\u2019inscrit-elle dans son \u00e9poque&nbsp;? Quels sont les moyens de son \u00e9mancipation et de sa r\u00e9sistance&nbsp;? comment peut-elle s\u2019engager pour le monde de demain&nbsp;? \u2026 Autant d\u2019espaces de r\u00e9flexion \u00e0 investir pour rappeler l\u2019importance de sa libert\u00e9 et le pouvoir de son audace.<\/p>\n\n\n\n<p>Tables rondes, concerts, spectacles, cin\u00e9ma, lectures ou encore ateliers rythmeront ces 5 jours&nbsp;durant lesquels cette jeunesse \u2013 forte, d\u00e9termin\u00e9e et pleine de promesses \u2013 sera aussi appel\u00e9e \u00e0 faire entendre sa voix.<\/p>\n\n\n\n<p>Fouad Laroui, Tahar Ben Jelloun, Sapho, Marcus Malte, David Foenkinos, Abdellah Ta\u00efa, Jean Birnbaum ou encore Hicham Lasri seront au rendez-vous de cette 21\u00e8me \u00e9dition.<\/p>\n\n\n\n<p>\u00ab&nbsp;<em>Chaque ann\u00e9e, le Salon international de Tanger des livres et des arts s\u2019affirme et se confirme comme l\u2019un des rendez-vous phares des amoureux des mots et du livre, mais \u00e9galement de l\u2019art dans son acception la plus large.&nbsp;<\/em>\u00bb Africultures.com<\/p>\n\n\n\n<p><a href=\"https:\/\/ancien.if-maroc.org\/tanger\/wp-content\/uploads\/sites\/3\/2017\/02\/PROGRAMME-SITLA-2017-BD.pdf\">CONSULTEZ ICI LA BROCHURE DU SALON<\/a><\/p>\n","protected":false},"excerpt":{"rendered":"<p>21\u00e8me \u00e9dition du Salon International de Tanger des Livres et des Arts DU 3 AU 7 MAI 2017 TANGER \u2013 Palais des Institutions Italiennes Autour du th\u00e8me \u00ab&nbsp;Quelle libert\u00e9 pour la jeunesse ?&nbsp;\u00bb Le Salon International de Tanger des Livres et des Arts revient du 3 au 7 mai pour une nouvelle \u00e9dition d\u00e9di\u00e9e \u00e0 [&hellip;]<\/p>\n","protected":false},"author":2,"featured_media":1532,"parent":1013,"menu_order":0,"comment_status":"closed","ping_status":"closed","template":"page-templates\/page-event-archive-side-image.php","meta":{"_acf_changed":false,"footnotes":""},"class_list":["post-1531","page","type-page","status-publish","has-post-thumbnail","hentry"],"acf":[],"_links":{"self":[{"href":"https:\/\/if-maroc.org\/tanger\/wp-json\/wp\/v2\/pages\/1531","targetHints":{"allow":["GET"]}}],"collection":[{"href":"https:\/\/if-maroc.org\/tanger\/wp-json\/wp\/v2\/pages"}],"about":[{"href":"https:\/\/if-maroc.org\/tanger\/wp-json\/wp\/v2\/types\/page"}],"author":[{"embeddable":true,"href":"https:\/\/if-maroc.org\/tanger\/wp-json\/wp\/v2\/users\/2"}],"replies":[{"embeddable":true,"href":"https:\/\/if-maroc.org\/tanger\/wp-json\/wp\/v2\/comments?post=1531"}],"version-history":[{"count":1,"href":"https:\/\/if-maroc.org\/tanger\/wp-json\/wp\/v2\/pages\/1531\/revisions"}],"predecessor-version":[{"id":1534,"href":"https:\/\/if-maroc.org\/tanger\/wp-json\/wp\/v2\/pages\/1531\/revisions\/1534"}],"up":[{"embeddable":true,"href":"https:\/\/if-maroc.org\/tanger\/wp-json\/wp\/v2\/pages\/1013"}],"wp:featuredmedia":[{"embeddable":true,"href":"https:\/\/if-maroc.org\/tanger\/wp-json\/wp\/v2\/media\/1532"}],"wp:attachment":[{"href":"https:\/\/if-maroc.org\/tanger\/wp-json\/wp\/v2\/media?parent=1531"}],"curies":[{"name":"wp","href":"https:\/\/api.w.org\/{rel}","templated":true}]}}