{"id":1551,"date":"2021-04-18T16:34:32","date_gmt":"2021-04-18T14:34:32","guid":{"rendered":"https:\/\/if-maroc.org\/tanger\/?page_id=1551"},"modified":"2021-04-18T16:34:48","modified_gmt":"2021-04-18T14:34:48","slug":"les-soirees-du-salon","status":"publish","type":"page","link":"https:\/\/if-maroc.org\/tanger\/printemps-du-livre\/edition-2017\/les-soirees-du-salon\/","title":{"rendered":"LES SOIR\u00c9ES DU SALON"},"content":{"rendered":"\n<h2 class=\"wp-block-heading\"><strong>CONCERT D\u2019HINDI ZAHRA<\/strong><\/h2>\n\n\n\n<p><strong>PALAIS DES INSTITUTIONS ITALIENNES<\/strong>,\u00a0<strong>JEUDI 4 MAI \u2013 21H00<\/strong><\/p>\n\n\n\n<div class=\"wp-block-media-text alignwide is-stacked-on-mobile is-vertically-aligned-top\"><figure class=\"wp-block-media-text__media\"><img loading=\"lazy\" decoding=\"async\" width=\"300\" height=\"300\" src=\"https:\/\/if-maroc.org\/tanger\/wp-content\/uploads\/sites\/12\/2021\/04\/cover_homeland-sans-typo-lowtalahadid-e1491585129796-300x300-1.jpg\" alt=\"\" class=\"wp-image-1552 size-full\" srcset=\"https:\/\/if-maroc.org\/tanger\/wp-content\/uploads\/sites\/12\/2021\/04\/cover_homeland-sans-typo-lowtalahadid-e1491585129796-300x300-1.jpg 300w, https:\/\/if-maroc.org\/tanger\/wp-content\/uploads\/sites\/12\/2021\/04\/cover_homeland-sans-typo-lowtalahadid-e1491585129796-300x300-1-150x150.jpg 150w\" sizes=\"auto, (max-width: 300px) 100vw, 300px\" \/><\/figure><div class=\"wp-block-media-text__content\">\n<p>Hindi Zahra est une chanteuse, peintre et actrice marocaine d\u2019origine Berb\u00e8re<\/p>\n\n\n\n<p>Elle sera accompagn\u00e9e de sa nouvelle formation compos\u00e9e de talents marocains, offrant une r\u00e9trospective de ses deux premiers albums (prim\u00e9s aux Victoires de la Musique 2011 & 2016 ) avec de nouveaux arrangements.<\/p>\n\n\n\n<p>La particularit\u00e9 de cette formation est la pr\u00e9sence d\u2019instruments traditionnels (avec Mehdi Nassouli au guembri, Anas Chlieh au lothar et Mehdi El Kindi aux percussions) qui c\u00f4toient les instruments plus conventionnels tels que la guitare de Yahya Zitan et la batterie de Abdelali Gounsani.<\/p>\n\n\n\n<p>Avec cette formation, la musique de Hindi Zahra prend une tournure tant\u00f4t gnaouie, tant\u00f4t psych\u00e9d\u00e9lique et se rapproche des rythmiques de son pays natal.<\/p>\n\n\n\n<p>Les c\u00e9l\u00e8bres&nbsp;<em>Beautiful Tango<\/em>&nbsp;et&nbsp;<em>\u00cfmik Simik<\/em>&nbsp;seront, bien s\u00fbr, au programme de la soir\u00e9e ainsi que tous les autres succ\u00e8s du r\u00e9pertoire d\u2019Hindi Zahra.<\/p>\n\n\n\n<p><strong>Billets du concert en vente \u00e0 l\u2019Institut fran\u00e7ais et \u00e0 partir du 3 mai au Palais des Institutions Italiennes \u2013 100 dhs \/ billet<\/strong><\/p>\n\n\n\n<p>\u00a9 TalaHadid<\/p>\n<\/div><\/div>\n\n\n\n<h2 class=\"wp-block-heading\"><strong>CONCERT D\u2019HOBA HOBA SPIRIT<\/strong><\/h2>\n\n\n\n<p><strong>PALAIS DES INSTITUTIONS ITALIENNES<\/strong>,\u00a0<strong>VENDREDI 5 MAI \u2013 21H00<\/strong><\/p>\n\n\n\n<div class=\"wp-block-media-text alignwide is-stacked-on-mobile is-vertically-aligned-top\"><figure class=\"wp-block-media-text__media\"><img loading=\"lazy\" decoding=\"async\" width=\"300\" height=\"300\" src=\"https:\/\/if-maroc.org\/tanger\/wp-content\/uploads\/sites\/12\/2021\/04\/brahim-benkirane-2016-v2-300x300-1.jpg\" alt=\"\" class=\"wp-image-1554 size-full\" srcset=\"https:\/\/if-maroc.org\/tanger\/wp-content\/uploads\/sites\/12\/2021\/04\/brahim-benkirane-2016-v2-300x300-1.jpg 300w, https:\/\/if-maroc.org\/tanger\/wp-content\/uploads\/sites\/12\/2021\/04\/brahim-benkirane-2016-v2-300x300-1-150x150.jpg 150w\" sizes=\"auto, (max-width: 300px) 100vw, 300px\" \/><\/figure><div class=\"wp-block-media-text__content\">\n<p>Le ph\u00e9nom\u00e8ne musical marocain est de retour, plus fort que jamais!<\/p>\n\n\n\n<p>Entre le rock, le hip hop, le funk et le folklore marocain, Hoba Hoba Spirit incarne la sc\u00e8ne avant-gardiste, contemporaine et engag\u00e9e marocaine avec des chansons qui deviennent des tubes \u00e0 chaque fois. Entre&nbsp;<em>Bienvenue \u00e0 Casa<\/em>&nbsp;et&nbsp;<em>Blad Skyzo<\/em>, les singles sont grav\u00e9s dans la m\u00e9moire des Marocains avec 7 albums \u00e0 leur actif et plus de 400 concerts au Maroc et \u00e0 l\u2019\u00e9tranger.<\/p>\n\n\n\n<p>Le groupe a entam\u00e9 une belle tourn\u00e9e am\u00e9ricaine o\u00f9 la presse a parl\u00e9 de \u201cfun, intense funk moroccan band\u201d (<em>New York Music Daily<\/em>), ou de \u201cpowerhouse mix\u201d (<em>Broadway World<\/em>) et propose encore la m\u00eame comparaison : \u201cthink the clash, rocking the real casbah\u201d (<em>The Sunbreak Seattle<\/em>). Enfin, Hoba Hoba Spirit fait partie des cinquante groupes qui fa\u00e7onnent la culture du Moyen-Orient&nbsp;selon le&nbsp;<em>Huffington Post<\/em>.<\/p>\n\n\n\n<p>Ils travaillent aujourd\u2019hui sur un nouvel album qui verra le jour tr\u00e8s prochainement, en attendant les tubes s\u2019encha\u00eenent pour le plus grand plaisir de leurs fans.<\/p>\n\n\n\n<p><strong>Billets du concert en vente \u00e0 l\u2019Institut fran\u00e7ais et \u00e0 partir du 3 mai au Palais des Institutions Italiennes \u2013 100 dhs \/ billet<\/strong><\/p>\n\n\n\n<p>\u00a9 Brahim Benkirane<\/p>\n<\/div><\/div>\n\n\n\n<h2 class=\"wp-block-heading\"><strong>LA NUIT DU CIN\u00c9MA<\/strong><\/h2>\n\n\n\n<p><strong>SALLE BECKETT DE L\u2019INSTITUT FRAN\u00c7AIS,\u00a0SAMEDI 6 MAI \u2013 21H00<\/strong><\/p>\n\n\n\n<div class=\"wp-block-media-text alignwide is-stacked-on-mobile is-vertically-aligned-top\"><figure class=\"wp-block-media-text__media\"><img loading=\"lazy\" decoding=\"async\" width=\"300\" height=\"300\" src=\"https:\/\/if-maroc.org\/tanger\/wp-content\/uploads\/sites\/12\/2021\/04\/a-peine-visuel-300x300-1.jpg\" alt=\"\" class=\"wp-image-1556 size-full\" srcset=\"https:\/\/if-maroc.org\/tanger\/wp-content\/uploads\/sites\/12\/2021\/04\/a-peine-visuel-300x300-1.jpg 300w, https:\/\/if-maroc.org\/tanger\/wp-content\/uploads\/sites\/12\/2021\/04\/a-peine-visuel-300x300-1-150x150.jpg 150w\" sizes=\"auto, (max-width: 300px) 100vw, 300px\" \/><\/figure><div class=\"wp-block-media-text__content\">\n<p>Avec :<\/p>\n\n\n\n<ul class=\"wp-block-list\"><li><em><strong>A peine j\u2019ouvre les yeux<\/strong><\/em>, de Leyla Bouzid<\/li><li><em><strong>Hedi<\/strong><\/em>, de Mohamed Ben Attia<\/li><li><strong>Focus \u2013 Nuit du cin\u00e9ma<\/strong>&nbsp;: coup de projecteur sur l\u2019\u0153uvre du r\u00e9alisateur Hicham Lasri avec la projection de&nbsp;<strong><em>The End<\/em><\/strong><\/li><\/ul>\n<\/div><\/div>\n","protected":false},"excerpt":{"rendered":"<p>CONCERT D\u2019HINDI ZAHRA PALAIS DES INSTITUTIONS ITALIENNES,\u00a0JEUDI 4 MAI \u2013 21H00 Hindi Zahra est une chanteuse, peintre et actrice marocaine d\u2019origine Berb\u00e8re Elle sera accompagn\u00e9e de sa nouvelle formation compos\u00e9e de talents marocains, offrant une r\u00e9trospective de ses deux premiers albums (prim\u00e9s aux Victoires de la Musique 2011 &#038; 2016 ) avec de nouveaux arrangements. [&hellip;]<\/p>\n","protected":false},"author":2,"featured_media":1559,"parent":1531,"menu_order":0,"comment_status":"closed","ping_status":"closed","template":"","meta":{"_acf_changed":false,"footnotes":""},"class_list":["post-1551","page","type-page","status-publish","has-post-thumbnail","hentry"],"acf":[],"_links":{"self":[{"href":"https:\/\/if-maroc.org\/tanger\/wp-json\/wp\/v2\/pages\/1551","targetHints":{"allow":["GET"]}}],"collection":[{"href":"https:\/\/if-maroc.org\/tanger\/wp-json\/wp\/v2\/pages"}],"about":[{"href":"https:\/\/if-maroc.org\/tanger\/wp-json\/wp\/v2\/types\/page"}],"author":[{"embeddable":true,"href":"https:\/\/if-maroc.org\/tanger\/wp-json\/wp\/v2\/users\/2"}],"replies":[{"embeddable":true,"href":"https:\/\/if-maroc.org\/tanger\/wp-json\/wp\/v2\/comments?post=1551"}],"version-history":[{"count":1,"href":"https:\/\/if-maroc.org\/tanger\/wp-json\/wp\/v2\/pages\/1551\/revisions"}],"predecessor-version":[{"id":1558,"href":"https:\/\/if-maroc.org\/tanger\/wp-json\/wp\/v2\/pages\/1551\/revisions\/1558"}],"up":[{"embeddable":true,"href":"https:\/\/if-maroc.org\/tanger\/wp-json\/wp\/v2\/pages\/1531"}],"wp:featuredmedia":[{"embeddable":true,"href":"https:\/\/if-maroc.org\/tanger\/wp-json\/wp\/v2\/media\/1559"}],"wp:attachment":[{"href":"https:\/\/if-maroc.org\/tanger\/wp-json\/wp\/v2\/media?parent=1551"}],"curies":[{"name":"wp","href":"https:\/\/api.w.org\/{rel}","templated":true}]}}