{"id":1565,"date":"2021-04-18T16:36:10","date_gmt":"2021-04-18T14:36:10","guid":{"rendered":"https:\/\/if-maroc.org\/tanger\/?page_id=1565"},"modified":"2021-04-18T16:36:11","modified_gmt":"2021-04-18T14:36:11","slug":"lespace-jeune-public","status":"publish","type":"page","link":"https:\/\/if-maroc.org\/tanger\/printemps-du-livre\/edition-2017\/lespace-jeune-public\/","title":{"rendered":"L\u2019ESPACE JEUNE PUBLIC"},"content":{"rendered":"\n<p>Dans le cadre de La Cigogne Volubile, de nombreux rendez-vous attendront les jeunes lecteurs de 4 \u00e0 12 ans. Contes, lectures, ateliers d\u2019illustration\u2026 ils partiront en \u00ab voyage de villes en villes \u00bb pour cette nouvelle \u00e9dition.<\/p>\n\n\n\n<p>Le concours de lecture Plaisir de Lire \u00e0 destination des coll\u00e8ges et des lyc\u00e9es sera \u00e9galement de retour ! Les lyc\u00e9ens seront notamment invit\u00e9s \u00e0 aller \u00e0 la rencontre d\u2019une \u0153uvre de Fouad Laroui et \u00e0 \u00e9changer directement et de mani\u00e8re privil\u00e9gi\u00e9e avec son auteur.<\/p>\n\n\n\n<h3 class=\"wp-block-heading\"><strong>ATELIERS CONTES ET LECTURES<\/strong><\/h3>\n\n\n\n<p><a href=\"https:\/\/ancien.if-maroc.org\/tanger\/intervenant\/boubakar-ndiaye\/\">Boubakar Ndiaye<\/a>,&nbsp;<strong>jeudi 4 mai \u00e0 11h00 & 15h00<\/strong><br><a href=\"https:\/\/ancien.if-maroc.org\/tanger\/intervenant\/halima-hamdane\/\">Halima Hamdane<\/a>,&nbsp;<strong>jeudi 4 mai \u00e0 10h00, vendredi 5 mai \u00e0 10h00, samedi 6 mai \u00e0 11h00 & 14h30<\/strong><br><a href=\"https:\/\/ancien.if-maroc.org\/tanger\/intervenant\/abdelilah-khattabi\/\">Abdelilah Khattabi<\/a>,&nbsp;<strong>vendredi 5 mai \u00e0 11h00 & 14h00, samedi 6 mai \u00e0 10h00<\/strong><br><a href=\"https:\/\/ancien.if-maroc.org\/tanger\/intervenant\/ahlam-nouiouar\/\">Ahlam Nouiouar<\/a>,&nbsp;<strong>vendredi 5 mai \u00e0 10h00 & 15h00, samedi 6 mai \u00e0 10h00<\/strong><\/p>\n\n\n\n<h3 class=\"wp-block-heading\"><strong>ATELIERS D\u2019ILLUSTRATION<\/strong><\/h3>\n\n\n\n<p><a href=\"https:\/\/ancien.if-maroc.org\/tanger\/intervenant\/karine-maincent\/\">Karine Maincent<\/a>,&nbsp;<strong>jeudi 4 mai \u00e0 10h00, vendredi 5 mai \u00e0 10h00, samedi 6 mai \u00e0 10h00 & 14h30<\/strong><br><a href=\"https:\/\/ancien.if-maroc.org\/tanger\/intervenant\/oreli-gouel\/\">Oreli Gouel<\/a>,&nbsp;<strong>jeudi 4 mai \u00e0 11h30, vendredi 5 mai \u00e0 11h30 et 14h30, samedi 6 mai \u00e0 11h30<\/strong><\/p>\n","protected":false},"excerpt":{"rendered":"<p>Dans le cadre de La Cigogne Volubile, de nombreux rendez-vous attendront les jeunes lecteurs de 4 \u00e0 12 ans. Contes, lectures, ateliers d\u2019illustration\u2026 ils partiront en \u00ab voyage de villes en villes \u00bb pour cette nouvelle \u00e9dition. Le concours de lecture Plaisir de Lire \u00e0 destination des coll\u00e8ges et des lyc\u00e9es sera \u00e9galement de retour [&hellip;]<\/p>\n","protected":false},"author":2,"featured_media":1566,"parent":1531,"menu_order":0,"comment_status":"closed","ping_status":"closed","template":"","meta":{"_acf_changed":false,"footnotes":""},"class_list":["post-1565","page","type-page","status-publish","has-post-thumbnail","hentry"],"acf":[],"_links":{"self":[{"href":"https:\/\/if-maroc.org\/tanger\/wp-json\/wp\/v2\/pages\/1565","targetHints":{"allow":["GET"]}}],"collection":[{"href":"https:\/\/if-maroc.org\/tanger\/wp-json\/wp\/v2\/pages"}],"about":[{"href":"https:\/\/if-maroc.org\/tanger\/wp-json\/wp\/v2\/types\/page"}],"author":[{"embeddable":true,"href":"https:\/\/if-maroc.org\/tanger\/wp-json\/wp\/v2\/users\/2"}],"replies":[{"embeddable":true,"href":"https:\/\/if-maroc.org\/tanger\/wp-json\/wp\/v2\/comments?post=1565"}],"version-history":[{"count":1,"href":"https:\/\/if-maroc.org\/tanger\/wp-json\/wp\/v2\/pages\/1565\/revisions"}],"predecessor-version":[{"id":1568,"href":"https:\/\/if-maroc.org\/tanger\/wp-json\/wp\/v2\/pages\/1565\/revisions\/1568"}],"up":[{"embeddable":true,"href":"https:\/\/if-maroc.org\/tanger\/wp-json\/wp\/v2\/pages\/1531"}],"wp:featuredmedia":[{"embeddable":true,"href":"https:\/\/if-maroc.org\/tanger\/wp-json\/wp\/v2\/media\/1566"}],"wp:attachment":[{"href":"https:\/\/if-maroc.org\/tanger\/wp-json\/wp\/v2\/media?parent=1565"}],"curies":[{"name":"wp","href":"https:\/\/api.w.org\/{rel}","templated":true}]}}