{"id":1628,"date":"2021-04-18T16:54:55","date_gmt":"2021-04-18T14:54:55","guid":{"rendered":"https:\/\/if-maroc.org\/tanger\/?page_id=1628"},"modified":"2021-04-18T16:54:56","modified_gmt":"2021-04-18T14:54:56","slug":"conferences","status":"publish","type":"page","link":"https:\/\/if-maroc.org\/tanger\/printemps-du-livre\/edition-2016\/conferences\/","title":{"rendered":"CONF\u00c9RENCES"},"content":{"rendered":"\n<h2 class=\"wp-block-heading\">Tahar BEN JELLOUN<\/h2>\n\n\n\n<p><em>Mercredi 4 mai \u2013 18h00<\/em><\/p>\n\n\n\n<p>Tanger a une place particuli\u00e8re au sein de l\u2019\u0153uvre de Tahar Ben Jelloun (Harrouda, Partir). A l\u2019occasion de cette rencontre, le c\u00e9l\u00e8bre auteur marocain \u00e9voquera \u00ab son Tanger \u00bb, mais aussi l\u2019importance de cette ville pour les diff\u00e9rentes g\u00e9n\u00e9rations d\u2019\u00e9crivains depuis Jean Genet et Mohamed Choukri jusqu\u2019aux am\u00e9ricains de la Beat Generation.<\/p>\n\n\n\n<h2 class=\"wp-block-heading\">Yasmina KHADRA<\/h2>\n\n\n\n<p><em>Jeudi 5 mai \u2013 18h30<\/em><\/p>\n\n\n\n<p>L\u2019auteur engag\u00e9 dont les r\u00e9cits sont ancr\u00e9s dans les probl\u00e9matiques g\u00e9opolitiques du bassin m\u00e9diterran\u00e9en et du monde arabo-musulman \u00e9voquera en quoi l\u2019actualit\u00e9 motive son travail d\u2019\u00e9criture et la cr\u00e9ation litt\u00e9raire en g\u00e9n\u00e9ral.<\/p>\n\n\n\n<h2 class=\"wp-block-heading\">Jalil BENNANI<\/h2>\n\n\n\n<p><em>Vendredi 6 mai \u2013 10h30<\/em><\/p>\n\n\n\n<p>Le psychanalyste et psychiatre Jalil Bennani interviendra sur le th\u00e8me Les jeunes, entre inqui\u00e9tudes et espoirs.Une rencontre qui int\u00e9ressera parents, enseignants et \u00e9ducateurs et pourra leur donner des cl\u00e9s pour \u00eatre plus \u00e0 l\u2019\u00e9coute de la jeunesse.<\/p>\n\n\n\n<h2 class=\"wp-block-heading\">Nour-Eddine SAIL<\/h2>\n\n\n\n<p><em>(En partenariat avec la Cin\u00e9math\u00e8que)<\/em><br><em>Samedi 7 mai \u2013 14h30<\/em><\/p>\n\n\n\n<p>Fin connaisseur du cin\u00e9ma mondial et du cin\u00e9ma marocain, le tang\u00e9rois Nour-Eddine Sail parlera du rapport des tang\u00e9rois au cin\u00e9ma depuis la cr\u00e9ation des cin\u00e9s-club, des mythes et des l\u00e9gendes de la ville du d\u00e9troit qui ont nourri l\u2019imaginaire des cin\u00e9astes.<\/p>\n","protected":false},"excerpt":{"rendered":"<p>Tahar BEN JELLOUN Mercredi 4 mai \u2013 18h00 Tanger a une place particuli\u00e8re au sein de l\u2019\u0153uvre de Tahar Ben Jelloun (Harrouda, Partir). A l\u2019occasion de cette rencontre, le c\u00e9l\u00e8bre auteur marocain \u00e9voquera \u00ab son Tanger \u00bb, mais aussi l\u2019importance de cette ville pour les diff\u00e9rentes g\u00e9n\u00e9rations d\u2019\u00e9crivains depuis Jean Genet et Mohamed Choukri jusqu\u2019aux [&hellip;]<\/p>\n","protected":false},"author":2,"featured_media":0,"parent":1574,"menu_order":0,"comment_status":"closed","ping_status":"closed","template":"","meta":{"_acf_changed":false,"footnotes":""},"class_list":["post-1628","page","type-page","status-publish","hentry"],"acf":[],"_links":{"self":[{"href":"https:\/\/if-maroc.org\/tanger\/wp-json\/wp\/v2\/pages\/1628","targetHints":{"allow":["GET"]}}],"collection":[{"href":"https:\/\/if-maroc.org\/tanger\/wp-json\/wp\/v2\/pages"}],"about":[{"href":"https:\/\/if-maroc.org\/tanger\/wp-json\/wp\/v2\/types\/page"}],"author":[{"embeddable":true,"href":"https:\/\/if-maroc.org\/tanger\/wp-json\/wp\/v2\/users\/2"}],"replies":[{"embeddable":true,"href":"https:\/\/if-maroc.org\/tanger\/wp-json\/wp\/v2\/comments?post=1628"}],"version-history":[{"count":1,"href":"https:\/\/if-maroc.org\/tanger\/wp-json\/wp\/v2\/pages\/1628\/revisions"}],"predecessor-version":[{"id":1629,"href":"https:\/\/if-maroc.org\/tanger\/wp-json\/wp\/v2\/pages\/1628\/revisions\/1629"}],"up":[{"embeddable":true,"href":"https:\/\/if-maroc.org\/tanger\/wp-json\/wp\/v2\/pages\/1574"}],"wp:attachment":[{"href":"https:\/\/if-maroc.org\/tanger\/wp-json\/wp\/v2\/media?parent=1628"}],"curies":[{"name":"wp","href":"https:\/\/api.w.org\/{rel}","templated":true}]}}