{"id":1630,"date":"2021-04-18T16:55:22","date_gmt":"2021-04-18T14:55:22","guid":{"rendered":"https:\/\/if-maroc.org\/tanger\/?page_id=1630"},"modified":"2021-04-18T16:55:23","modified_gmt":"2021-04-18T14:55:23","slug":"tables-rondes","status":"publish","type":"page","link":"https:\/\/if-maroc.org\/tanger\/printemps-du-livre\/edition-2016\/tables-rondes\/","title":{"rendered":"TABLES RONDES"},"content":{"rendered":"\n<h2 class=\"wp-block-heading\">Tanger Ville Fronti\u00e8re<\/h2>\n\n\n\n<p><strong>A quoi servent les fronti\u00e8res aujourd\u2019hui ?<\/strong><br><em>Jeudi 5 mai \u2013 10h00<\/em><\/p>\n\n\n\n<p>Ligne de fracture et d\u2019\u00e9change, la fronti\u00e8re est un lieu de pouvoir, d\u2019espoir, de conflits, de critiques. Cette table ronde propose de d\u00e9fier la notion de fronti\u00e8re : r\u00e9elle, imagin\u00e9e, impos\u00e9e, remodel\u00e9e. Il s\u2019agit de d\u00e9construire les repr\u00e9sentations, les incompr\u00e9hensions et porter un \u00e9clairage sur les enjeux et les changements qui ont \u00e9t\u00e9 \u00e0 l\u2019\u0153uvre dans la r\u00e9gion tang\u00e9roise.<\/p>\n\n\n\n<p>AVEC : Ali Benmakhlouf, Emmanuel Ruben, Natalia Ribas Mateo, Mohamed Tozy, Zakya Daoud et Kenza Sefrioui (mod\u00e9ration)<\/p>\n\n\n\n<h2 class=\"wp-block-heading\">Tanger territoire de migration<\/h2>\n\n\n\n<p><strong>La zone fronti\u00e8re tang\u00e9roise \u00e0 l\u2019\u00e9preuve des migrations internes et externes<\/strong><br><em>Jeudi 5 mai \u2013 14h30<\/em><br>Face \u00e0 face entre deux continents, le d\u00e9troit est un lieu de d\u00e9parts, d\u2019arriv\u00e9es ou de passages. Tanger est une terre de migrations plurielles (nationales, continentales, intercontinentales, artistiques) dont les destin\u00e9es sociales diff\u00e8rent radicalement. Les \u00e9changes porteront sur la migration, expression de la modernit\u00e9 de la ville comme vecteur de bouleversements sociaux et \u00e9conomiques.<\/p>\n\n\n\n<p>AVEC : Fr\u00e9d\u00e9ric Boyer, Mahi Binebine, Yolande Benarrosh, Kacem Basfao et Kenza Sefrioui (mod\u00e9ration)<\/p>\n\n\n\n<h2 class=\"wp-block-heading\">La puissance g\u00e9ographique de Tanger<\/h2>\n\n\n\n<p><strong>Du lieu au r\u00e9cit<\/strong><br><em>Jeudi 5 mai \u2013 16h30<\/em><\/p>\n\n\n\n<p>Tanger : le d\u00e9troit marque une limite, appelle un ailleurs, ouvre des possibles. Ecrivains, voyageurs et g\u00e9ographes \u00e9voqueront ensemble la puissance des paysages et le sentiment g\u00e9ographique associ\u00e9. Cette table ronde propose d\u2019approcher le lieu, source du fantasme, \u00e0 l\u2019intersection des registres topographique et narratif.<\/p>\n\n\n\n<p>AVEC : Christian Garcin, Arno Bertina, Sylvain Tesson , Zakya Daoud et Bernard Collet (mod\u00e9ration)<\/p>\n\n\n\n<h2 class=\"wp-block-heading\">Le pouvoir artistique de Tanger<\/h2>\n\n\n\n<p><em>Vendredi 6 mai \u2013 14h30<\/em><\/p>\n\n\n\n<p>Tanger en tant que phare artistique, a \u00e9t\u00e9 marqu\u00e9 par l\u2019afflux d\u2019\u00e9crivains, de peintres, de penseurs. Chaque pas dans cette ville riche d\u2019histoire et de m\u00e9moire fait r\u00e9sonner l\u2019\u00e9cho d\u2019artistes. Quel est ce terreau symbolique, sensible, urbain sur lequel se sont fix\u00e9s les imaginaires si f\u00e9conds des artistes de Tanger ?<\/p>\n\n\n\n<p>AVEC : Mohamed Berrada, Abdelkader Djemai, Bernard Collet, Hisham Aidi, Mokhtar Chaoui, Olivier Cadiot et Lamia Berrada (mod\u00e9ration)<\/p>\n\n\n\n<h2 class=\"wp-block-heading\">Tanger du r\u00e9el \u00e0 la fiction<\/h2>\n\n\n\n<p><em>Vendredi 6 mai \u2013 16h30<\/em><\/p>\n\n\n\n<p>Il y a une forme de religiosit\u00e9 dans ce \u00ab Tanger artistique \u00bb pratiqu\u00e9e par certains comme un p\u00e8lerinage. De la croyance \u00e0 l\u2019invention, le contact avec cette ville provoque-t-il une forme de d\u00e9r\u00e8glement identitaire que l\u2019on peut qualifier de syndrome de Tanger ? La folie cr\u00e9atrice de Tanger sera examin\u00e9e au prisme du fonctionnement de l\u2019appareil psychique.<\/p>\n\n\n\n<p>AVEC : Simon-Pierre Hamelin, Jalil Bennani, Anne Dufourmantelle, Mai Do Hamisultane, Emmanuel Ruben et Fran\u00e7ois Collet (mod\u00e9ration)<\/p>\n\n\n\n<h2 class=\"wp-block-heading\">Tanger\/Maroc, Nord \u00e9conomique du continent africain<\/h2>\n\n\n\n<p><em>Samedi 7 mai \u2013 10h00<\/em><\/p>\n\n\n\n<p>Au carrefour des routes maritimes et terrestres. Port\u00e9e par une ambition royale forte, la ville vit un d\u00e9veloppement extr\u00eamement important. Acteurs \u00e9conomiques et analystes seront convi\u00e9s \u00e0 commenter cette modernit\u00e9 revendiqu\u00e9e et \u00e0 analyser les mutations urbaines et sociales qui en d\u00e9coulent.<\/p>\n\n\n\n<p>AVEC : Mounir El Bouyoussfi, Driss Guerraoui, Jamal Mikou et Omar Belkheiri (mod\u00e9ration)<\/p>\n\n\n\n<h2 class=\"wp-block-heading\">De l\u2019influence de la ville de Tanger sur les \u00e9critures contemporaines<\/h2>\n\n\n\n<p><strong>Rencontre avec les r\u00e9sidents CipM<\/strong><br><em>Samedi 10h30<\/em><\/p>\n\n\n\n<p>Entre l\u2019\u00e9crivain et la ville, une tension se cr\u00e9\u00e9e que la litt\u00e9rature ou la po\u00e9sie viennent r\u00e9soudre. Cette tension est \u00e0 la source d\u2019une inspiration que des r\u00e9sidents du cipM accueillis \u00e0 Tanger depuis 2006 par l\u2019IFT tenteront de r\u00e9fl\u00e9chir et de d\u00e9crire.<\/p>\n\n\n\n<p>Avec : Eric Audinet, Jean-Michel Espitallier, Danielle M\u00e9moire, Caroline Sagot-Duvauroux, Emmanuel Ponsart et Abdellah Ba\u00efda (mod\u00e9ration)<\/p>\n\n\n\n<h2 class=\"wp-block-heading\">Tanger fait son cin\u00e9ma<\/h2>\n\n\n\n<p><em>(En partenariat avec la Cin\u00e9math\u00e8que)<\/em><br><em>Samedi 7 mai \u2013 14h30<\/em><\/p>\n\n\n\n<p>A travers une histoire des cin\u00e9mas et du cin\u00e9ma \u00e0 Tanger, en partenariat avec la Cin\u00e9math\u00e8que, il sera pr\u00e9sent\u00e9 \u00e0 l\u2019occasion de cet apr\u00e8s-midi le lien privil\u00e9gi\u00e9 de Tanger avec le 7\u00e8me art, dans ses acceptions \u00e9conomiques comme artistiques.<\/p>\n\n\n\n<p>AVEC : Jean Marc Lalo, Khadija Alami, Noureddine Sail, Moumen Smihi et Laurent V\u00e9drine (mod\u00e9ration)<\/p>\n\n\n\n<h2 class=\"wp-block-heading\">Histoires de Tanger<\/h2>\n\n\n\n<p><em>Dimanche 8 mai \u2013 11h00<\/em><\/p>\n\n\n\n<p>Quelles traces l\u2019Histoire a-t-elle laiss\u00e9 sur la fascination que la ville de Tanger continue \u00e0 exercer ? A travers une pr\u00e9sentation g\u00e9n\u00e9rale son histoire, nous relierons les p\u00e9riodes ayant imprim\u00e9 le caract\u00e8re actuel de la ville, et notamment la p\u00e9riode internationale qui cristallise encore les repr\u00e9sentations de Tanger<\/p>\n\n\n\n<p>AVEC : Mohammed Al Mansour, Mohammed Kenbib, Rachid Taferssiti, Abdelaziz El Idrissi, Rachel Muyal, Alexandre Ponsart et Sami Lakmahri (mod\u00e9ration)<\/p>\n\n\n\n<h2 class=\"wp-block-heading\">L\u2019imaginaire dans la langue arabe<\/h2>\n\n\n\n<p><em>(En arabe)<\/em><br><em>Samedi 7 mai \u2013 18h30<\/em><\/p>\n\n\n\n<p><em>\u00ab&nbsp;<\/em>Une importante table ronde en langue arabe r\u00e9unissant artistes et hommes de lettres viendra enrichir la belle programmation du Salon. Par la qualit\u00e9 de ses intervenants elle augure une r\u00e9flexion profonde, des \u00e9changes et un d\u00e9bat de tr\u00e8s haut niveau. Elle conna\u00eetra notamment la pr\u00e9sence du grand \u00e9crivain marocain Mohamed Berrada, du dramaturge tang\u00e9rois Zoubeir Benbouchta, du fin parolier et important promoteur de la nouvelle sc\u00e8ne musicale marocaine Abel Damoussi et sera mod\u00e9r\u00e9e par Said Kobrite, Pr\u00e9sident du Cercle des Journalistes du Nord du Royaume.<em>&nbsp;\u00bb&nbsp;<\/em><em>Larbi R\u2019MIKI, pr\u00e9sident de l\u2019ATRAC<\/em><\/p>\n\n\n\n<p>AVEC : Mohamed Berrada, Abel Damoussi, Zoubeir Benbouchta et Said Kobrite (mod\u00e9ration)<\/p>\n\n\n\n<h2 class=\"wp-block-heading\">Et aussi<\/h2>\n\n\n\n<p>Des grandes conf\u00e9rences, des rencontres privil\u00e9gi\u00e9es avec les auteurs invit\u00e9s au Salon, des signatures, des activit\u00e9s jeunesses, sans oublier tous les \u00e9diteurs et libraires exposants<\/p>\n","protected":false},"excerpt":{"rendered":"<p>Tanger Ville Fronti\u00e8re A quoi servent les fronti\u00e8res aujourd\u2019hui ?Jeudi 5 mai \u2013 10h00 Ligne de fracture et d\u2019\u00e9change, la fronti\u00e8re est un lieu de pouvoir, d\u2019espoir, de conflits, de critiques. Cette table ronde propose de d\u00e9fier la notion de fronti\u00e8re : r\u00e9elle, imagin\u00e9e, impos\u00e9e, remodel\u00e9e. Il s\u2019agit de d\u00e9construire les repr\u00e9sentations, les incompr\u00e9hensions et [&hellip;]<\/p>\n","protected":false},"author":2,"featured_media":0,"parent":1574,"menu_order":0,"comment_status":"closed","ping_status":"closed","template":"","meta":{"_acf_changed":false,"footnotes":""},"class_list":["post-1630","page","type-page","status-publish","hentry"],"acf":[],"_links":{"self":[{"href":"https:\/\/if-maroc.org\/tanger\/wp-json\/wp\/v2\/pages\/1630","targetHints":{"allow":["GET"]}}],"collection":[{"href":"https:\/\/if-maroc.org\/tanger\/wp-json\/wp\/v2\/pages"}],"about":[{"href":"https:\/\/if-maroc.org\/tanger\/wp-json\/wp\/v2\/types\/page"}],"author":[{"embeddable":true,"href":"https:\/\/if-maroc.org\/tanger\/wp-json\/wp\/v2\/users\/2"}],"replies":[{"embeddable":true,"href":"https:\/\/if-maroc.org\/tanger\/wp-json\/wp\/v2\/comments?post=1630"}],"version-history":[{"count":1,"href":"https:\/\/if-maroc.org\/tanger\/wp-json\/wp\/v2\/pages\/1630\/revisions"}],"predecessor-version":[{"id":1631,"href":"https:\/\/if-maroc.org\/tanger\/wp-json\/wp\/v2\/pages\/1630\/revisions\/1631"}],"up":[{"embeddable":true,"href":"https:\/\/if-maroc.org\/tanger\/wp-json\/wp\/v2\/pages\/1574"}],"wp:attachment":[{"href":"https:\/\/if-maroc.org\/tanger\/wp-json\/wp\/v2\/media?parent=1630"}],"curies":[{"name":"wp","href":"https:\/\/api.w.org\/{rel}","templated":true}]}}