{"id":1783,"date":"2021-04-18T18:59:43","date_gmt":"2021-04-18T16:59:43","guid":{"rendered":"https:\/\/if-maroc.org\/tanger\/?page_id=1783"},"modified":"2021-04-18T18:59:44","modified_gmt":"2021-04-18T16:59:44","slug":"concert-anne-paceo-triphase","status":"publish","type":"page","link":"https:\/\/if-maroc.org\/tanger\/printemps-du-livre\/edition-2015\/spectacles\/concert-anne-paceo-triphase\/","title":{"rendered":"CONCERT : ANNE PACEO TRIPHASE"},"content":{"rendered":"\n<p><em>Concert Jazz<\/em><\/p>\n\n\n\n<p>Cr\u00e9\u00e9 par la batteuse&nbsp;<strong>Anne Paceo<\/strong>,&nbsp;<strong>Triphase<\/strong>&nbsp;nait en 2005 de la rencontre de trois improvisateurs amoureux des belles m\u00e9lodies au Conservatoire National Sup\u00e9rieur de Musique de Paris.<br>Neuf ans plus tard le trio a jou\u00e9 plus de 150 concerts dans le monde entier et dans les plus grands festivals (Chili, Indon\u00e9sie, Allemagne, Portugal\u2026), et a remport\u00e9&nbsp;<strong>une Victoire de la musique<\/strong>&nbsp;en 2011, un&nbsp;<strong>Django d\u2019or<\/strong>&nbsp;en 2009 et publi\u00e9 deux disques sur le prestigieux<strong>&nbsp;label Laborie Jazz<\/strong>.<br>Trio dans la musique, trio dans la composition, nos trois camarades d\u00e9roulent une vraie couleur et expriment une originalit\u00e9 et une identit\u00e9 tr\u00e8s fortes. La musique de Triphase s\u2019inspire des cultures du monde, des rencontres, des voyages, donnant ainsi une musique g\u00e9n\u00e9reuse et lumineuse qui fascine le spectateur \u00e0 chaque concert.<\/p>\n\n\n\n<p><strong>Anne Paceo :&nbsp;<\/strong><em>batterie, chant<\/em><br><strong>Leonardo Montana :<\/strong><em>&nbsp;piano<\/em><br><strong>Joan Eche-Puig :<\/strong><em>&nbsp;contrebasse<\/em><\/p>\n\n\n\n<pre class=\"wp-block-preformatted\"><strong>Vendredi 8 mai    21h    Palais des Institutions Italiennes<\/strong><\/pre>\n\n\n\n<p>Voir en ligne :&nbsp;&nbsp;<a href=\"https:\/\/www.youtube.com\/watch?v=lSxiemrVV3Y&sns=fb\" target=\"_blank\" rel=\"noopener\">Reportage sur le concert du 8 mai 2015 \u00e0 Tanger<\/a><\/p>\n","protected":false},"excerpt":{"rendered":"<p>Concert Jazz Cr\u00e9\u00e9 par la batteuse&nbsp;Anne Paceo,&nbsp;Triphase&nbsp;nait en 2005 de la rencontre de trois improvisateurs amoureux des belles m\u00e9lodies au Conservatoire National Sup\u00e9rieur de Musique de Paris.Neuf ans plus tard le trio a jou\u00e9 plus de 150 concerts dans le monde entier et dans les plus grands festivals (Chili, Indon\u00e9sie, Allemagne, Portugal\u2026), et a remport\u00e9&nbsp;une [&hellip;]<\/p>\n","protected":false},"author":2,"featured_media":1784,"parent":1776,"menu_order":0,"comment_status":"closed","ping_status":"closed","template":"page-templates\/page-event-archive-side-image.php","meta":{"_acf_changed":false,"footnotes":""},"class_list":["post-1783","page","type-page","status-publish","has-post-thumbnail","hentry"],"acf":[],"_links":{"self":[{"href":"https:\/\/if-maroc.org\/tanger\/wp-json\/wp\/v2\/pages\/1783","targetHints":{"allow":["GET"]}}],"collection":[{"href":"https:\/\/if-maroc.org\/tanger\/wp-json\/wp\/v2\/pages"}],"about":[{"href":"https:\/\/if-maroc.org\/tanger\/wp-json\/wp\/v2\/types\/page"}],"author":[{"embeddable":true,"href":"https:\/\/if-maroc.org\/tanger\/wp-json\/wp\/v2\/users\/2"}],"replies":[{"embeddable":true,"href":"https:\/\/if-maroc.org\/tanger\/wp-json\/wp\/v2\/comments?post=1783"}],"version-history":[{"count":1,"href":"https:\/\/if-maroc.org\/tanger\/wp-json\/wp\/v2\/pages\/1783\/revisions"}],"predecessor-version":[{"id":1786,"href":"https:\/\/if-maroc.org\/tanger\/wp-json\/wp\/v2\/pages\/1783\/revisions\/1786"}],"up":[{"embeddable":true,"href":"https:\/\/if-maroc.org\/tanger\/wp-json\/wp\/v2\/pages\/1776"}],"wp:featuredmedia":[{"embeddable":true,"href":"https:\/\/if-maroc.org\/tanger\/wp-json\/wp\/v2\/media\/1784"}],"wp:attachment":[{"href":"https:\/\/if-maroc.org\/tanger\/wp-json\/wp\/v2\/media?parent=1783"}],"curies":[{"name":"wp","href":"https:\/\/api.w.org\/{rel}","templated":true}]}}