{"id":2502,"date":"2021-10-26T17:37:52","date_gmt":"2021-10-26T15:37:52","guid":{"rendered":"https:\/\/if-maroc.org\/tanger\/?page_id=2502"},"modified":"2021-10-27T13:47:40","modified_gmt":"2021-10-27T11:47:40","slug":"zainab-fasiki","status":"publish","type":"page","link":"https:\/\/if-maroc.org\/tanger\/zainab-fasiki\/","title":{"rendered":"Zainab FASIKI"},"content":{"rendered":"\n<p><\/p>\n\n\n\n<div class=\"wp-block-media-text alignwide is-stacked-on-mobile\"><figure class=\"wp-block-media-text__media\"><img loading=\"lazy\" decoding=\"async\" width=\"300\" height=\"300\" src=\"https:\/\/if-maroc.org\/tanger\/wp-content\/uploads\/sites\/12\/2021\/10\/Invite-13-Nov-01-300x300.jpg\" alt=\"\" class=\"wp-image-2552 size-medium\" srcset=\"https:\/\/if-maroc.org\/tanger\/wp-content\/uploads\/sites\/12\/2021\/10\/Invite-13-Nov-01-300x300.jpg 300w, https:\/\/if-maroc.org\/tanger\/wp-content\/uploads\/sites\/12\/2021\/10\/Invite-13-Nov-01-150x150.jpg 150w, https:\/\/if-maroc.org\/tanger\/wp-content\/uploads\/sites\/12\/2021\/10\/Invite-13-Nov-01-768x768.jpg 768w, https:\/\/if-maroc.org\/tanger\/wp-content\/uploads\/sites\/12\/2021\/10\/Invite-13-Nov-01.jpg 886w\" sizes=\"auto, (max-width: 300px) 100vw, 300px\" \/><\/figure><div class=\"wp-block-media-text__content\">\n<p><strong>Zainab\u00a0Fasiki<\/strong>\u00a0est n\u00e9e en juillet 1994 \u00e0\u00a0<a rel=\"noreferrer noopener\" href=\"https:\/\/fr.wikipedia.org\/wiki\/F%C3%A8s\" target=\"_blank\">F\u00e8s<\/a>. Dipl\u00f4m\u00e9e de l&rsquo;<a rel=\"noreferrer noopener\" href=\"https:\/\/fr.wikipedia.org\/wiki\/%C3%89cole_nationale_sup%C3%A9rieure_d%27%C3%A9lectricit%C3%A9_et_m%C3%A9canique\" target=\"_blank\">\u00c9cole nationale sup\u00e9rieure d&rsquo;\u00e9lectricit\u00e9 et m\u00e9canique<\/a>\u00a0(ENSEM) de\u00a0<a rel=\"noreferrer noopener\" href=\"https:\/\/fr.wikipedia.org\/wiki\/Casablanca\" target=\"_blank\">Casablanca<\/a><a rel=\"noreferrer noopener\" href=\"https:\/\/fr.wikipedia.org\/wiki\/Zainab_Fasiki#cite_note-Obs-1\" target=\"_blank\">1<\/a>, elle est \u00e9galement titulaire d&rsquo;une patente professionnelle de b\u00e9d\u00e9iste et d&rsquo;<a rel=\"noreferrer noopener\" href=\"https:\/\/fr.wikipedia.org\/wiki\/Illustratrice\" target=\"_blank\">illustratrice<\/a>.\u00a0\u00a0\u00a0\u00a0<\/p>\n\n\n\n<p>Elle a cr\u00e9\u00e9 le collectif Queer&nbsp;Women&nbsp;Power qui encourage les femmes artistes marocaines via des ateliers, elle cr\u00e9e son projet et livre&nbsp;Hshouma&nbsp;qui vise \u00e0 briser les tabous au Maroc et surtout \u00e0 changer la fa\u00e7on de voir la nudit\u00e9 et les femmes. En mars 2020 elle lance son exposition THE NEW ORDER \u00e0 galerie Venise cadre Casablanca, qui illustre la femme marocaine de toutes les classes.&nbsp;Zainab&nbsp;a \u00e9t\u00e9 honor\u00e9e par Amnesty International, lors de la Journ\u00e9e internationale des femmes d\u00e9fenseures des droits humains, le 29 novembre 2018, \u00e0 Rabat, au Maroc.&nbsp;<\/p>\n\n\n\n<p><\/p>\n<\/div><\/div>\n","protected":false},"excerpt":{"rendered":"<p>Zainab\u00a0Fasiki\u00a0est n\u00e9e en juillet 1994 \u00e0\u00a0F\u00e8s. Dipl\u00f4m\u00e9e de l&rsquo;\u00c9cole nationale sup\u00e9rieure d&rsquo;\u00e9lectricit\u00e9 et m\u00e9canique\u00a0(ENSEM) de\u00a0Casablanca1, elle est \u00e9galement titulaire d&rsquo;une patente professionnelle de b\u00e9d\u00e9iste et d&rsquo;illustratrice.\u00a0\u00a0\u00a0\u00a0 Elle a cr\u00e9\u00e9 le collectif Queer&nbsp;Women&nbsp;Power qui encourage les femmes artistes marocaines via des ateliers, elle cr\u00e9e son projet et livre&nbsp;Hshouma&nbsp;qui vise \u00e0 briser les tabous au Maroc et [&hellip;]<\/p>\n","protected":false},"author":12,"featured_media":0,"parent":0,"menu_order":0,"comment_status":"closed","ping_status":"closed","template":"","meta":{"_acf_changed":false,"footnotes":""},"class_list":["post-2502","page","type-page","status-publish","hentry"],"acf":[],"_links":{"self":[{"href":"https:\/\/if-maroc.org\/tanger\/wp-json\/wp\/v2\/pages\/2502","targetHints":{"allow":["GET"]}}],"collection":[{"href":"https:\/\/if-maroc.org\/tanger\/wp-json\/wp\/v2\/pages"}],"about":[{"href":"https:\/\/if-maroc.org\/tanger\/wp-json\/wp\/v2\/types\/page"}],"author":[{"embeddable":true,"href":"https:\/\/if-maroc.org\/tanger\/wp-json\/wp\/v2\/users\/12"}],"replies":[{"embeddable":true,"href":"https:\/\/if-maroc.org\/tanger\/wp-json\/wp\/v2\/comments?post=2502"}],"version-history":[{"count":4,"href":"https:\/\/if-maroc.org\/tanger\/wp-json\/wp\/v2\/pages\/2502\/revisions"}],"predecessor-version":[{"id":2557,"href":"https:\/\/if-maroc.org\/tanger\/wp-json\/wp\/v2\/pages\/2502\/revisions\/2557"}],"wp:attachment":[{"href":"https:\/\/if-maroc.org\/tanger\/wp-json\/wp\/v2\/media?parent=2502"}],"curies":[{"name":"wp","href":"https:\/\/api.w.org\/{rel}","templated":true}]}}