{"id":2624,"date":"2021-11-04T17:43:39","date_gmt":"2021-11-04T16:43:39","guid":{"rendered":"https:\/\/if-maroc.org\/tanger\/?page_id=2624"},"modified":"2021-11-04T17:43:41","modified_gmt":"2021-11-04T16:43:41","slug":"david-labau","status":"publish","type":"page","link":"https:\/\/if-maroc.org\/tanger\/david-labau\/","title":{"rendered":"David LABAU"},"content":{"rendered":"\n<div class=\"wp-block-media-text alignwide is-stacked-on-mobile\"><figure class=\"wp-block-media-text__media\"><img loading=\"lazy\" decoding=\"async\" width=\"300\" height=\"300\" src=\"https:\/\/if-maroc.org\/tanger\/wp-content\/uploads\/sites\/12\/2021\/11\/Invite-13-Nov-12-03-1-02-300x300.jpg\" alt=\"\" class=\"wp-image-2625 size-medium\" srcset=\"https:\/\/if-maroc.org\/tanger\/wp-content\/uploads\/sites\/12\/2021\/11\/Invite-13-Nov-12-03-1-02-300x300.jpg 300w, https:\/\/if-maroc.org\/tanger\/wp-content\/uploads\/sites\/12\/2021\/11\/Invite-13-Nov-12-03-1-02-150x150.jpg 150w, https:\/\/if-maroc.org\/tanger\/wp-content\/uploads\/sites\/12\/2021\/11\/Invite-13-Nov-12-03-1-02.jpg 591w\" sizes=\"auto, (max-width: 300px) 100vw, 300px\" \/><\/figure><div class=\"wp-block-media-text__content\">\n<p class=\"has-large-font-size\">Journaliste \u00e0 Medi 1 Radio, Dipl\u00f4m\u00e9 de l\u2019universit\u00e9 de Provence\u00a0<\/p>\n<\/div><\/div>\n","protected":false},"excerpt":{"rendered":"<p>Journaliste \u00e0 Medi 1 Radio, Dipl\u00f4m\u00e9 de l\u2019universit\u00e9 de Provence\u00a0<\/p>\n","protected":false},"author":12,"featured_media":0,"parent":0,"menu_order":0,"comment_status":"closed","ping_status":"closed","template":"","meta":{"_acf_changed":false,"footnotes":""},"class_list":["post-2624","page","type-page","status-publish","hentry"],"acf":[],"_links":{"self":[{"href":"https:\/\/if-maroc.org\/tanger\/wp-json\/wp\/v2\/pages\/2624","targetHints":{"allow":["GET"]}}],"collection":[{"href":"https:\/\/if-maroc.org\/tanger\/wp-json\/wp\/v2\/pages"}],"about":[{"href":"https:\/\/if-maroc.org\/tanger\/wp-json\/wp\/v2\/types\/page"}],"author":[{"embeddable":true,"href":"https:\/\/if-maroc.org\/tanger\/wp-json\/wp\/v2\/users\/12"}],"replies":[{"embeddable":true,"href":"https:\/\/if-maroc.org\/tanger\/wp-json\/wp\/v2\/comments?post=2624"}],"version-history":[{"count":1,"href":"https:\/\/if-maroc.org\/tanger\/wp-json\/wp\/v2\/pages\/2624\/revisions"}],"predecessor-version":[{"id":2627,"href":"https:\/\/if-maroc.org\/tanger\/wp-json\/wp\/v2\/pages\/2624\/revisions\/2627"}],"wp:attachment":[{"href":"https:\/\/if-maroc.org\/tanger\/wp-json\/wp\/v2\/media?parent=2624"}],"curies":[{"name":"wp","href":"https:\/\/api.w.org\/{rel}","templated":true}]}}