{"id":2637,"date":"2021-11-04T18:06:23","date_gmt":"2021-11-04T17:06:23","guid":{"rendered":"https:\/\/if-maroc.org\/tanger\/?page_id=2637"},"modified":"2021-11-04T18:06:24","modified_gmt":"2021-11-04T17:06:24","slug":"noussayba-lahlou-2","status":"publish","type":"page","link":"https:\/\/if-maroc.org\/tanger\/noussayba-lahlou-2\/","title":{"rendered":"Noussayba LAHLOU"},"content":{"rendered":"\n<div class=\"wp-block-media-text alignwide is-stacked-on-mobile\"><figure class=\"wp-block-media-text__media\"><img loading=\"lazy\" decoding=\"async\" width=\"300\" height=\"300\" src=\"https:\/\/if-maroc.org\/tanger\/wp-content\/uploads\/sites\/12\/2021\/11\/slam-01-300x300.jpg\" alt=\"\" class=\"wp-image-2638 size-medium\" srcset=\"https:\/\/if-maroc.org\/tanger\/wp-content\/uploads\/sites\/12\/2021\/11\/slam-01-300x300.jpg 300w, https:\/\/if-maroc.org\/tanger\/wp-content\/uploads\/sites\/12\/2021\/11\/slam-01-1024x1024.jpg 1024w, https:\/\/if-maroc.org\/tanger\/wp-content\/uploads\/sites\/12\/2021\/11\/slam-01-150x150.jpg 150w, https:\/\/if-maroc.org\/tanger\/wp-content\/uploads\/sites\/12\/2021\/11\/slam-01-768x768.jpg 768w, https:\/\/if-maroc.org\/tanger\/wp-content\/uploads\/sites\/12\/2021\/11\/slam-01-1536x1536.jpg 1536w, https:\/\/if-maroc.org\/tanger\/wp-content\/uploads\/sites\/12\/2021\/11\/slam-01-2048x2048.jpg 2048w, https:\/\/if-maroc.org\/tanger\/wp-content\/uploads\/sites\/12\/2021\/11\/slam-01-1320x1320.jpg 1320w\" sizes=\"auto, (max-width: 300px) 100vw, 300px\" \/><\/figure><div class=\"wp-block-media-text__content\">\n<p>Artiste\u00a0slameuse\u00a0n\u00e9e \u00e0 Ksar el\u00a0Kebir.\u00a0\u00a0<\/p>\n\n\n\n<p>Elle nourrit une passion pour les mots et la po\u00e9sie d\u00e8s sa plus tendre enfance et se fait&nbsp;un chemin dans l\u2019art du slam au Maroc et devient&nbsp;une figure du slam marocain.&nbsp;&nbsp;<\/p>\n\n\n\n<p>Elle a repr\u00e9sent\u00e9 le Maroc dans le festival Babi slam en C\u00f4te d\u2019ivoire, et a perform\u00e9 dans diff\u00e9rentes villes du Maroc.&nbsp;&nbsp;<\/p>\n\n\n\n<p>La jeune&nbsp;slameuse, intervient et anime r\u00e9guli\u00e8rement des ateliers Slam dans des coll\u00e8ges, lyc\u00e9es et universit\u00e9s et partage ses textes \u00ab doux amers \u00bb pour reprendre les termes de&nbsp;Telquel, avec les passionn\u00e9s de la po\u00e9sie urbaine.&nbsp;<\/p>\n<\/div><\/div>\n","protected":false},"excerpt":{"rendered":"<p>Artiste\u00a0slameuse\u00a0n\u00e9e \u00e0 Ksar el\u00a0Kebir.\u00a0\u00a0 Elle nourrit une passion pour les mots et la po\u00e9sie d\u00e8s sa plus tendre enfance et se fait&nbsp;un chemin dans l\u2019art du slam au Maroc et devient&nbsp;une figure du slam marocain.&nbsp;&nbsp; Elle a repr\u00e9sent\u00e9 le Maroc dans le festival Babi slam en C\u00f4te d\u2019ivoire, et a perform\u00e9 dans diff\u00e9rentes villes du [&hellip;]<\/p>\n","protected":false},"author":12,"featured_media":0,"parent":0,"menu_order":0,"comment_status":"closed","ping_status":"closed","template":"","meta":{"_acf_changed":false,"footnotes":""},"class_list":["post-2637","page","type-page","status-publish","hentry"],"acf":[],"_links":{"self":[{"href":"https:\/\/if-maroc.org\/tanger\/wp-json\/wp\/v2\/pages\/2637","targetHints":{"allow":["GET"]}}],"collection":[{"href":"https:\/\/if-maroc.org\/tanger\/wp-json\/wp\/v2\/pages"}],"about":[{"href":"https:\/\/if-maroc.org\/tanger\/wp-json\/wp\/v2\/types\/page"}],"author":[{"embeddable":true,"href":"https:\/\/if-maroc.org\/tanger\/wp-json\/wp\/v2\/users\/12"}],"replies":[{"embeddable":true,"href":"https:\/\/if-maroc.org\/tanger\/wp-json\/wp\/v2\/comments?post=2637"}],"version-history":[{"count":1,"href":"https:\/\/if-maroc.org\/tanger\/wp-json\/wp\/v2\/pages\/2637\/revisions"}],"predecessor-version":[{"id":2640,"href":"https:\/\/if-maroc.org\/tanger\/wp-json\/wp\/v2\/pages\/2637\/revisions\/2640"}],"wp:attachment":[{"href":"https:\/\/if-maroc.org\/tanger\/wp-json\/wp\/v2\/media?parent=2637"}],"curies":[{"name":"wp","href":"https:\/\/api.w.org\/{rel}","templated":true}]}}