{"id":2645,"date":"2021-11-08T18:43:23","date_gmt":"2021-11-08T17:43:23","guid":{"rendered":"https:\/\/if-maroc.org\/tanger\/?page_id=2645"},"modified":"2021-11-09T16:52:52","modified_gmt":"2021-11-09T15:52:52","slug":"abdou","status":"publish","type":"page","link":"https:\/\/if-maroc.org\/tanger\/abdou\/","title":{"rendered":"Abdous"},"content":{"rendered":"\n<div class=\"wp-block-media-text alignwide is-stacked-on-mobile\"><figure class=\"wp-block-media-text__media\"><img loading=\"lazy\" decoding=\"async\" width=\"246\" height=\"246\" src=\"https:\/\/if-maroc.org\/tanger\/wp-content\/uploads\/sites\/12\/2021\/11\/abdou.jpg\" alt=\"\" class=\"wp-image-2646 size-full\" srcset=\"https:\/\/if-maroc.org\/tanger\/wp-content\/uploads\/sites\/12\/2021\/11\/abdou.jpg 246w, https:\/\/if-maroc.org\/tanger\/wp-content\/uploads\/sites\/12\/2021\/11\/abdou-150x150.jpg 150w\" sizes=\"auto, (max-width: 246px) 100vw, 246px\" \/><\/figure><div class=\"wp-block-media-text__content\">\n<p>Musicien et producteur bas\u00e9 \u00e0 Tanger, Abdous fusionne Pop, Soul, RnB, \u00e9l\u00e9ments \u00e9lectroniques et instrumentation jazz pour offrir son propre style et une vision musicale unique.<\/p>\n\n\n\n<p>Guitariste \u00e0 l&rsquo;\u00e2ge de 13 ans, la musique a toujours occup\u00e9 une place extr\u00eamement importante dans la vie d&rsquo;Abdou. En 2005, il int\u00e8gre le Conservatoire de Tanger o\u00f9 il \u00e9tudie le solf\u00e8ge et la guitare pendant 3 ans, puis rejoint les rangs du Ch\u0153ur Fermata de 2015 \u00e0 2019, puis d\u00e9marre son propre studio d&rsquo;enregistrement musical et ainsi sa carri\u00e8re musicale.<\/p>\n\n\n\n<p>Lorsque la pand\u00e9mie a envahi le monde et que tout le monde \u00e9tait confin\u00e9, Abdous a commenc\u00e9 une s\u00e9rie de collaborations musicales avec des artistes nationaux et internationaux, r\u00e9alisant plus de 40 vid\u00e9os \u00e0 ce jour publi\u00e9es sur ses r\u00e9seaux sociaux.<\/p>\n\n\n\n<p>Abdous a sorti 3 singles \u00ab\u00a0What Comes Around Goes Around\u00a0\u00bb, \u00ab\u00a0Sunshine On\u00a0\u00bb & \u00ab\u00a0I Love You So (ft. Jazzemen)\u00a0\u00bb dans le cadre de son prochain EP qui sortira bient\u00f4t.<\/p>\n\n\n\n<p>Siteweb: <a href=\"https:\/\/abdousmusic.com\/\" target=\"_blank\" rel=\"noopener\">https:\/\/abdousmusic.com\/<\/a><\/p>\n<\/div><\/div>\n","protected":false},"excerpt":{"rendered":"<p>Musicien et producteur bas\u00e9 \u00e0 Tanger, Abdous fusionne Pop, Soul, RnB, \u00e9l\u00e9ments \u00e9lectroniques et instrumentation jazz pour offrir son propre style et une vision musicale unique. Guitariste \u00e0 l&rsquo;\u00e2ge de 13 ans, la musique a toujours occup\u00e9 une place extr\u00eamement importante dans la vie d&rsquo;Abdou. En 2005, il int\u00e8gre le Conservatoire de Tanger o\u00f9 il [&hellip;]<\/p>\n","protected":false},"author":12,"featured_media":0,"parent":0,"menu_order":0,"comment_status":"closed","ping_status":"closed","template":"","meta":{"_acf_changed":false,"footnotes":""},"class_list":["post-2645","page","type-page","status-publish","hentry"],"acf":[],"_links":{"self":[{"href":"https:\/\/if-maroc.org\/tanger\/wp-json\/wp\/v2\/pages\/2645","targetHints":{"allow":["GET"]}}],"collection":[{"href":"https:\/\/if-maroc.org\/tanger\/wp-json\/wp\/v2\/pages"}],"about":[{"href":"https:\/\/if-maroc.org\/tanger\/wp-json\/wp\/v2\/types\/page"}],"author":[{"embeddable":true,"href":"https:\/\/if-maroc.org\/tanger\/wp-json\/wp\/v2\/users\/12"}],"replies":[{"embeddable":true,"href":"https:\/\/if-maroc.org\/tanger\/wp-json\/wp\/v2\/comments?post=2645"}],"version-history":[{"count":2,"href":"https:\/\/if-maroc.org\/tanger\/wp-json\/wp\/v2\/pages\/2645\/revisions"}],"predecessor-version":[{"id":2672,"href":"https:\/\/if-maroc.org\/tanger\/wp-json\/wp\/v2\/pages\/2645\/revisions\/2672"}],"wp:attachment":[{"href":"https:\/\/if-maroc.org\/tanger\/wp-json\/wp\/v2\/media?parent=2645"}],"curies":[{"name":"wp","href":"https:\/\/api.w.org\/{rel}","templated":true}]}}