{"id":3680,"date":"2021-01-17T16:44:50","date_gmt":"2021-01-17T15:44:50","guid":{"rendered":"https:\/\/if-maroc.org\/tanger\/?page_id=3680"},"modified":"2023-02-28T16:02:40","modified_gmt":"2023-02-28T15:02:40","slug":"edition-2022","status":"publish","type":"page","link":"https:\/\/if-maroc.org\/tanger\/printemps-du-livre\/edition-2022\/","title":{"rendered":"EDITION 2022"},"content":{"rendered":"\n<p><strong>PRINTEMPS DU LIVRE ET DES ARTS DE TANGER \u2013 23e \u00c9DITION<br>DU 19 AU 21 MAI 2022<br>Palais des Institutions Italiennes<\/strong><\/p>\n\n\n\n<h3 class=\"wp-block-heading\"><strong>#LITT\u00c9RATURE ET MUSIQUE<\/strong><\/h3>\n\n\n\n<p>Apr\u00e8s avoir sommeill\u00e9 de force durant deux ann\u00e9es, le Printemps du livre et des arts de Tanger revient\u202f&nbsp;<strong>du 19 au 21 mai 2022<\/strong>, pour une nouvelle \u00e9dition, d\u00e9di\u00e9e \u00e0 la litt\u00e9rature et \u00e0 la musique.<\/p>\n\n\n\n<p>Fid\u00e8le \u00e0 son esprit, ce festival continuera \u00e0 \u00eatre le lieu de rencontres, de d\u00e9couverte se d\u00e9ployant cette ann\u00e9e non seulement dans le champ de la litt\u00e9rature, mais aussi de la musique. En effet, sur sc\u00e8ne, en d\u00e9bat ou en lecture, les arts seront \u00e0 la f\u00eate au Palais des Institutions Italiennes mais aussi dans la ville de Tanger et dans les \u00e9tablissements scolaires.<\/p>\n\n\n\n<p>Si aujourd\u2019hui nous distinguons avec raison musique et litt\u00e9rature, elles furent confondues \u00e0 certaines \u00e9poques, notamment la musique et la po\u00e9sie. Il se produit alors des va-et-vient entre musique et litt\u00e9rature, des chansons inspirant des \u00e9crivains, des po\u00e8mes ou \u00e9crits po\u00e9tiques mis en musique. Quel que soit leur degr\u00e9 de sp\u00e9cialisation, les deux domaines se fr\u00e9quentent par leurs meilleurs c\u00f4t\u00e9s.<\/p>\n\n\n\n<p>Trois journ\u00e9es d\u2019\u00e9changes et de rencontres que nous souhaitons partager avec vous.<\/p>\n\n\n\n<p>Pour plus d&rsquo;information : <a href=\"https:\/\/2022.printempsdulivretanger.org\" target=\"_blank\" rel=\"noopener\">https:\/\/2022.printempsdulivretanger.org<\/a><\/p>\n","protected":false},"excerpt":{"rendered":"<p>PRINTEMPS DU LIVRE ET DES ARTS DE TANGER \u2013 23e \u00c9DITIONDU 19 AU 21 MAI 2022Palais des Institutions Italiennes #LITT\u00c9RATURE ET MUSIQUE Apr\u00e8s avoir sommeill\u00e9 de force durant deux ann\u00e9es, le Printemps du livre et des arts de Tanger revient\u202f&nbsp;du 19 au 21 mai 2022, pour une nouvelle \u00e9dition, d\u00e9di\u00e9e \u00e0 la litt\u00e9rature et \u00e0 [&hellip;]<\/p>\n","protected":false},"author":12,"featured_media":3681,"parent":1013,"menu_order":0,"comment_status":"closed","ping_status":"closed","template":"","meta":{"_acf_changed":false,"footnotes":""},"class_list":["post-3680","page","type-page","status-publish","has-post-thumbnail","hentry"],"acf":[],"_links":{"self":[{"href":"https:\/\/if-maroc.org\/tanger\/wp-json\/wp\/v2\/pages\/3680","targetHints":{"allow":["GET"]}}],"collection":[{"href":"https:\/\/if-maroc.org\/tanger\/wp-json\/wp\/v2\/pages"}],"about":[{"href":"https:\/\/if-maroc.org\/tanger\/wp-json\/wp\/v2\/types\/page"}],"author":[{"embeddable":true,"href":"https:\/\/if-maroc.org\/tanger\/wp-json\/wp\/v2\/users\/12"}],"replies":[{"embeddable":true,"href":"https:\/\/if-maroc.org\/tanger\/wp-json\/wp\/v2\/comments?post=3680"}],"version-history":[{"count":2,"href":"https:\/\/if-maroc.org\/tanger\/wp-json\/wp\/v2\/pages\/3680\/revisions"}],"predecessor-version":[{"id":3740,"href":"https:\/\/if-maroc.org\/tanger\/wp-json\/wp\/v2\/pages\/3680\/revisions\/3740"}],"up":[{"embeddable":true,"href":"https:\/\/if-maroc.org\/tanger\/wp-json\/wp\/v2\/pages\/1013"}],"wp:featuredmedia":[{"embeddable":true,"href":"https:\/\/if-maroc.org\/tanger\/wp-json\/wp\/v2\/media\/3681"}],"wp:attachment":[{"href":"https:\/\/if-maroc.org\/tanger\/wp-json\/wp\/v2\/media?parent=3680"}],"curies":[{"name":"wp","href":"https:\/\/api.w.org\/{rel}","templated":true}]}}