{"id":3253,"date":"2024-09-11T14:26:44","date_gmt":"2024-09-11T12:26:44","guid":{"rendered":"https:\/\/if-maroc.org\/tetouan\/?page_id=3253"},"modified":"2024-09-11T14:26:45","modified_gmt":"2024-09-11T12:26:45","slug":"cours-en-ligne-frantastique","status":"publish","type":"page","link":"https:\/\/if-maroc.org\/tetouan\/cours-en-ligne-frantastique\/","title":{"rendered":"Cours en ligne \u00ab\u00a0Frantastique\u00a0\u00bb"},"content":{"rendered":"\n<p><strong>Inscrivez-vous au cours en ligne \u00ab Frantastique \u00bb propos\u00e9 par l\u2019Institut fran\u00e7ais du Maroc. Depuis chez vous, sur votre ordinateur ou votre t\u00e9l\u00e9phone, d\u00e9butez ou perfectionnez votre apprentissage de la langue fran\u00e7aise.<\/strong><\/p>\n\n<div id=\"a9-parent-iframe\" data-src=\"https:\/\/www.frantastique.com\/partner\/grkgfrxvte\/25072\"><\/div>\n<script>\n    (function(){\n        var js = document.createElement('script');\n        js.type='text\/javascript';\n        js.src='https:\/\/www.gymglish.com\/scripts\/parent-of-iframe-5.min.js';\n        var s = document.getElementsByTagName('script')[0];\n        s.parentNode.insertBefore(js, s);\n    })();\n<\/script>\n","protected":false},"excerpt":{"rendered":"<p>Inscrivez-vous au cours en ligne \u00ab Frantastique \u00bb propos\u00e9 par l\u2019Institut fran\u00e7ais du Maroc. Depuis chez vous, sur votre ordinateur ou votre t\u00e9l\u00e9phone, d\u00e9butez ou perfectionnez votre apprentissage de la langue fran\u00e7aise.<\/p>\n","protected":false},"author":80,"featured_media":0,"parent":0,"menu_order":0,"comment_status":"closed","ping_status":"closed","template":"","meta":{"_acf_changed":false,"footnotes":""},"class_list":["post-3253","page","type-page","status-publish","hentry"],"acf":[],"_links":{"self":[{"href":"https:\/\/if-maroc.org\/tetouan\/wp-json\/wp\/v2\/pages\/3253","targetHints":{"allow":["GET"]}}],"collection":[{"href":"https:\/\/if-maroc.org\/tetouan\/wp-json\/wp\/v2\/pages"}],"about":[{"href":"https:\/\/if-maroc.org\/tetouan\/wp-json\/wp\/v2\/types\/page"}],"author":[{"embeddable":true,"href":"https:\/\/if-maroc.org\/tetouan\/wp-json\/wp\/v2\/users\/80"}],"replies":[{"embeddable":true,"href":"https:\/\/if-maroc.org\/tetouan\/wp-json\/wp\/v2\/comments?post=3253"}],"version-history":[{"count":1,"href":"https:\/\/if-maroc.org\/tetouan\/wp-json\/wp\/v2\/pages\/3253\/revisions"}],"predecessor-version":[{"id":3254,"href":"https:\/\/if-maroc.org\/tetouan\/wp-json\/wp\/v2\/pages\/3253\/revisions\/3254"}],"wp:attachment":[{"href":"https:\/\/if-maroc.org\/tetouan\/wp-json\/wp\/v2\/media?parent=3253"}],"curies":[{"name":"wp","href":"https:\/\/api.w.org\/{rel}","templated":true}]}}