{"id":354,"date":"2020-08-26T16:46:59","date_gmt":"2020-08-26T14:46:59","guid":{"rendered":"https:\/\/if-maroc.org\/tetouan\/?page_id=354"},"modified":"2025-12-17T16:00:55","modified_gmt":"2025-12-17T15:00:55","slug":"mediatheques","status":"publish","type":"page","link":"https:\/\/if-maroc.org\/tetouan\/mediatheques\/","title":{"rendered":"M\u00e9diath\u00e8que de T\u00e9touan"},"content":{"rendered":"\n<p>R\u00e9partie en deux espaces \u2013 adulte et jeunesse \u2013 sur une superficie de 400 m2, la m\u00e9diath\u00e8que de l\u2019Institut fran\u00e7ais de T\u00e9touan offre pr\u00e8s de 20 000 documents tous supports (papier et num\u00e9rique). La m\u00e9diath\u00e8que poss\u00e8de un espace de travail \u00e9quip\u00e9 de postes informatiques et des tablettes num\u00e9riques connect\u00e9s \u00e0 un r\u00e9seau wifi, un salon de lecture confortable et lumineux et un espace jeux vid\u00e9o d\u00e9di\u00e9 aux adolescents. Une \u00e9quipe disponible et comp\u00e9tente est pr\u00e9sente pour accueillir les lecteurs et les orienter dans leurs choix de lecture.<\/p>\n\n\n\n<p>Les deux espaces, adulte et jeunesse, proposent tout au long de l\u2019ann\u00e9e des rencontres avec des auteurs, des d\u00e9bats d&rsquo;id\u00e9es, des ateliers th\u00e9matiques, des concours, ainsi que des activit\u00e9s hors les murs.<\/p>\n","protected":false},"excerpt":{"rendered":"<p>R\u00e9partie en deux espaces \u2013 adulte et jeunesse \u2013 sur une superficie de 400 m2, la m\u00e9diath\u00e8que de l\u2019Institut fran\u00e7ais de T\u00e9touan offre pr\u00e8s de 20 000 documents tous supports (papier et num\u00e9rique). La m\u00e9diath\u00e8que poss\u00e8de un espace de travail \u00e9quip\u00e9 de postes informatiques et des tablettes num\u00e9riques connect\u00e9s \u00e0 un r\u00e9seau wifi, un salon [&hellip;]<\/p>\n","protected":false},"author":1,"featured_media":904,"parent":0,"menu_order":0,"comment_status":"closed","ping_status":"closed","template":"page-templates\/page-medialibrary.php","meta":{"_acf_changed":false,"footnotes":""},"class_list":["post-354","page","type-page","status-publish","has-post-thumbnail","hentry"],"acf":[],"_links":{"self":[{"href":"https:\/\/if-maroc.org\/tetouan\/wp-json\/wp\/v2\/pages\/354","targetHints":{"allow":["GET"]}}],"collection":[{"href":"https:\/\/if-maroc.org\/tetouan\/wp-json\/wp\/v2\/pages"}],"about":[{"href":"https:\/\/if-maroc.org\/tetouan\/wp-json\/wp\/v2\/types\/page"}],"author":[{"embeddable":true,"href":"https:\/\/if-maroc.org\/tetouan\/wp-json\/wp\/v2\/users\/1"}],"replies":[{"embeddable":true,"href":"https:\/\/if-maroc.org\/tetouan\/wp-json\/wp\/v2\/comments?post=354"}],"version-history":[{"count":24,"href":"https:\/\/if-maroc.org\/tetouan\/wp-json\/wp\/v2\/pages\/354\/revisions"}],"predecessor-version":[{"id":3867,"href":"https:\/\/if-maroc.org\/tetouan\/wp-json\/wp\/v2\/pages\/354\/revisions\/3867"}],"wp:featuredmedia":[{"embeddable":true,"href":"https:\/\/if-maroc.org\/tetouan\/wp-json\/wp\/v2\/media\/904"}],"wp:attachment":[{"href":"https:\/\/if-maroc.org\/tetouan\/wp-json\/wp\/v2\/media?parent=354"}],"curies":[{"name":"wp","href":"https:\/\/api.w.org\/{rel}","templated":true}]}}